{"id":110,"date":"2018-09-08T23:41:08","date_gmt":"2018-09-08T23:41:08","guid":{"rendered":"https:\/\/gpsites.co\/marketer\/?page_id=36"},"modified":"2025-12-04T19:57:38","modified_gmt":"2025-12-04T19:57:38","slug":"eber-uns","status":"publish","type":"page","link":"https:\/\/www.flexheaters.com\/de\/eber-uns\/","title":{"rendered":"\u00dcber Uns"},"content":{"rendered":"\n<p><strong>Ab 2019 haben wir unser Vertriebsb\u00fcro f\u00fcr den internationalen Markt in Meerbusch Deutschland registriert.&nbsp;Dies erweitert unsere F\u00e4higkeit, unsere Kunden rund um die Uhr zu betreuen.&nbsp;Der Versand ab Lager Deutschland ist ab sofort nach Absprache m\u00f6glich.<\/strong><\/p>\n\n\n\n<div class=\"wp-block-columns is-layout-flex wp-container-core-columns-layout-1 wp-block-columns-is-layout-flex\">\n<div class=\"wp-block-column is-layout-flow wp-block-column-is-layout-flow\"><\/div>\n<\/div>\n\n\n\n<p>SINOMAS wurde 1998 als chinesisches Familienunternehmen gegr\u00fcndet.&nbsp;Das urspr\u00fcngliche Gesch\u00e4ft war die Herstellung verschiedener Gummikomponenten.&nbsp;Wir erweitern das Gesch\u00e4ft durch die OEM-Produktion von drahtgewickelten Silikonheizungen f\u00fcr ein renommiertes Unternehmen f\u00fcr <a href=\"\/de\">flexible Heizungen<\/a> aus Japan.<\/p>\n\n\n\n<p>Ab 2002 beginnen wir mit dem Verkauf von <a href=\"\/de\/silikon-heizelement\/\">Silikon-Heizelemente<\/a> unter unserer eigenen Marke.&nbsp;Ge\u00e4tzte Folienheizelemente und <a href=\"\/de\/polyimid-heizfolie\/\">Polyimid-Heizelemente<\/a> werden nach und nach in das Programm aufgenommen.&nbsp;Mit kontinuierlichen Investitionen in Forschung und Entwicklung im Laufe der Jahre hat sich SINOMAS zu einer f\u00fchrenden Marke in der flexiblen Heizindustrie in China entwickelt.&nbsp;Mit insgesamt 260 Mitarbeitern betr\u00e4gt unser Jahresumsatz etwa 35 Millionen US-Dollar.<\/p>\n\n\n\n<p>Unsere Fabrik befindet sich in Shanghai, wo wir sowohl von gut ausgebildeten Mitarbeitern als auch von relativ niedrigen Produktionskosten profitieren.&nbsp;Moderne Kommunikationsmittel haben die geografische Kluft zwischen den verschiedenen Kontinenten ausgeglichen.&nbsp;<strong>Wir bem\u00fchen uns, kooperativer<\/strong>&nbsp;und&nbsp;<strong>reaktionsschneller<\/strong>&nbsp;zu sein&nbsp;als Ihre lokalen Lieferanten.<\/p>\n\n\n\n<p>Qualit\u00e4t hat bei Sinomas immer oberste Priorit\u00e4t und wurde nie kompromittiert.&nbsp;\u201eLiefern ab Sinomas\u201c bedeutet in jedem Fall ein Qualit\u00e4tsversprechen.&nbsp;Nicht nur unsere Fabrik ist ISO9001-zertifiziert, wir sind auch bereit, unsere Produkte allen geltenden und erwarteten Zertifizierungsanforderungen zu unterwerfen.&nbsp;Ein Jahr Garantie gilt f\u00fcr alle unsere Produkte.<\/p>\n","protected":false},"excerpt":{"rendered":"<p>Ab 2019 haben wir unser Vertriebsb\u00fcro f\u00fcr den internationalen Markt in Meerbusch Deutschland registriert.&nbsp;Dies erweitert unsere F\u00e4higkeit, unsere Kunden rund &#8230; <\/p>\n<p class=\"read-more-container\"><a title=\"\u00dcber Uns\" class=\"read-more button\" href=\"https:\/\/www.flexheaters.com\/de\/eber-uns\/#more-110\" aria-label=\"Mehr Informationen \u00fcber \u00dcber Uns\">Read more<\/a><\/p>\n","protected":false},"author":1,"featured_media":0,"parent":0,"menu_order":0,"comment_status":"closed","ping_status":"closed","template":"","meta":{"footnotes":""},"_links":{"self":[{"href":"https:\/\/www.flexheaters.com\/de\/wp-json\/wp\/v2\/pages\/110"}],"collection":[{"href":"https:\/\/www.flexheaters.com\/de\/wp-json\/wp\/v2\/pages"}],"about":[{"href":"https:\/\/www.flexheaters.com\/de\/wp-json\/wp\/v2\/types\/page"}],"author":[{"embeddable":true,"href":"https:\/\/www.flexheaters.com\/de\/wp-json\/wp\/v2\/users\/1"}],"replies":[{"embeddable":true,"href":"https:\/\/www.flexheaters.com\/de\/wp-json\/wp\/v2\/comments?post=110"}],"version-history":[{"count":1,"href":"https:\/\/www.flexheaters.com\/de\/wp-json\/wp\/v2\/pages\/110\/revisions"}],"predecessor-version":[{"id":305,"href":"https:\/\/www.flexheaters.com\/de\/wp-json\/wp\/v2\/pages\/110\/revisions\/305"}],"wp:attachment":[{"href":"https:\/\/www.flexheaters.com\/de\/wp-json\/wp\/v2\/media?parent=110"}],"curies":[{"name":"wp","href":"https:\/\/api.w.org\/{rel}","templated":true}]}}