{"id":171,"date":"2023-03-07T12:23:46","date_gmt":"2023-03-07T12:23:46","guid":{"rendered":"https:\/\/www.liudehua.de\/de\/?page_id=171"},"modified":"2023-03-07T15:56:26","modified_gmt":"2023-03-07T15:56:26","slug":"silikon-heizelement","status":"publish","type":"page","link":"https:\/\/www.flexheaters.com\/de\/silikon-heizelement\/","title":{"rendered":"Silikon-Heizelement"},"content":{"rendered":"\n<p>Silikon Heizelemente von Sinomas erm\u00f6glichen energieeffiziente und \u00e4u\u00dferst flexible Heizl\u00f6sungen. Sie nutzen die einzigartigen Eigenschaften von Silikonkautschuk (geringe thermische Masse, hervorragende elektrische Isolierung), um flexible Silikon-Heizmatten von beispielloser Leistung. Silikonkautschuk wird auf Glasfasergewebe in einer Vielzahl von Dicken und Konstruktionen kalandriert, die als grundlegendes Isoliermaterial f\u00fcr die Heizung dienen. Fiberglas verleiht dem Heizger\u00e4t Dimensionsstabilit\u00e4t ohne Einbu\u00dfen bei der Flexibilit\u00e4t.<\/p>\n\n\n\n<div class=\"wp-block-columns is-layout-flex wp-container-core-columns-layout-1 wp-block-columns-is-layout-flex\">\n<div class=\"wp-block-column is-layout-flow wp-block-column-is-layout-flow\"><div class=\"wp-block-image\">\n<figure class=\"aligncenter size-full is-resized\"><img loading=\"lazy\" decoding=\"async\" src=\"https:\/\/www.flexheaters.com\/de\/wp-content\/uploads\/sites\/2\/silicone-heater-sample.jpg\" alt=\"Silikon-heizmatten\" class=\"wp-image-13\" width=\"350\" height=\"210\" title=\"Silikon-heizmatten\"\/><\/figure><\/div><\/div>\n\n\n\n<div class=\"wp-block-column is-layout-flow wp-block-column-is-layout-flow\">\n<ul>\n<li>Leicht, d\u00fcnn, flexibel<\/li>\n\n\n\n<li>Entwickelt f\u00fcr die exakte Form (einschlie\u00dflich Ausschnitt) und Gr\u00f6\u00dfe, die dem Profil der Kundenger\u00e4te entspricht.<\/li>\n\n\n\n<li>Widerstandselement aus ge\u00e4tzter Folie, gleichm\u00e4\u00dfige Erw\u00e4rmung aus ge\u00e4tzter Folie, gleichm\u00e4\u00dfige Erw\u00e4rmung<\/li>\n\n\n\n<li>-50\u00b0C bis 220\u00b0C Betriebstemperatur<\/li>\n\n\n\n<li>Feuchtigkeits- und chemikalienbest\u00e4ndig, optional IP67<\/li>\n\n\n\n<li>Mehrere Installationsmethode verf\u00fcgbar<\/li>\n\n\n\n<li>Eingebauter\u00a0<a href=\"\/de\/temperaturregler\">Temperaturregler<\/a>\u00a0\/ Sensor<\/li>\n\n\n\n<li>Thermische Isolierung oder w\u00e4rmeleitende Deckschicht<\/li>\n\n\n\n<li>UL-zugelassen<\/li>\n<\/ul>\n<\/div>\n<\/div>\n\n\n\n<h2 class=\"wp-block-heading\">Widerstandselement<\/h2>\n\n\n\n<div class=\"wp-block-columns is-layout-flex wp-container-core-columns-layout-2 wp-block-columns-is-layout-flex\">\n<div class=\"wp-block-column is-layout-flow wp-block-column-is-layout-flow\" style=\"flex-basis:66.66%\">\n<p>Silikon-Heizmatten sind mit ge\u00e4tzten Folienelementen oder drahtgewickelten Elementen erh\u00e4ltlich. Drahtgewickelte Elemente werden manuell gem\u00e4\u00df vordefiniertem M\u00e4ander \u00fcber die F\u00fchrungsstifte auf der Musterplatte verdrahtet. Au\u00dfer bei unregelm\u00e4\u00dfig geformten 3D-Profilen oder langen\u00a0<a href=\"\/de\/motor-stillstandsheizung\">Heizb\u00e4ndern<\/a>\u00a0ist die Drahtwickeltechnik bei SINOMAS ausgelaufen.<\/p>\n\n\n\n<p>Die Silikon-Heizmatte mit ge\u00e4tzter Folie hat aufgrund ihrer gro\u00dfen flachen Leiteroberfl\u00e4che eine hervorragende W\u00e4rme\u00fcbertragung im Vergleich zu drahtgewickelten Heizelementen. Es kann gleichm\u00e4\u00dfigere W\u00e4rmeprofile mit h\u00f6herer Wattdichte liefern und bietet eine l\u00e4ngere Lebensdauer. Neben chemischem \u00c4tzen f\u00fcr schnelles Prototyping oder gro\u00dfformatige\u00a0<a href=\"\/de\/fassheizung\">Fassheizung<\/a>\u00a0k\u00f6nnen wir das Folienelement auch durch Laserschneiden herstellen.<\/p>\n<\/div>\n\n\n\n<div class=\"wp-block-column is-layout-flow wp-block-column-is-layout-flow\" style=\"flex-basis:33.33%\"><div class=\"wp-block-image\">\n<figure class=\"aligncenter size-full is-resized\"><img loading=\"lazy\" decoding=\"async\" src=\"https:\/\/www.flexheaters.com\/de\/wp-content\/uploads\/sites\/2\/etched-foil.jpg\" alt=\"Silikonkautschukheizung mit ge\u00e4tzter Heizfolie\" class=\"wp-image-58\" width=\"100\" height=\"135\" title=\"Silikonkautschukheizung mit ge\u00e4tzter Heizfolie\"\/><\/figure><\/div><\/div>\n<\/div>\n\n\n\n<h2 class=\"wp-block-heading\">Werkseitige Vulkanisation \/ Vorformung<\/h2>\n\n\n\n<div class=\"wp-block-columns is-layout-flex wp-container-core-columns-layout-3 wp-block-columns-is-layout-flex\">\n<div class=\"wp-block-column is-vertically-aligned-center is-layout-flow wp-block-column-is-layout-flow\"><div class=\"wp-block-image\">\n<figure class=\"aligncenter size-full\"><img loading=\"lazy\" decoding=\"async\" width=\"250\" height=\"150\" src=\"https:\/\/www.flexheaters.com\/de\/wp-content\/uploads\/sites\/2\/heating-plate.jpg\" alt=\"Silikonkautschuk-Heizvulkanisation mit schwarz eloxierter Platte\" class=\"wp-image-31\" title=\"Silikonkautschuk-Heizvulkanisation mit schwarz eloxierter Platte\"\/><\/figure><\/div><\/div>\n\n\n\n<div class=\"wp-block-column is-vertically-aligned-center is-layout-flow wp-block-column-is-layout-flow\"><div class=\"wp-block-image\">\n<figure class=\"aligncenter size-full is-resized\"><img loading=\"lazy\" decoding=\"async\" src=\"https:\/\/www.flexheaters.com\/de\/wp-content\/uploads\/sites\/2\/spiral.jpg\" alt=\"Spiralf\u00f6rmiges Silikon-Heizband\" class=\"wp-image-12\" width=\"210\" height=\"131\" title=\"Spiralf\u00f6rmiges Silikon-Heizband\"\/><\/figure><\/div><\/div>\n\n\n\n<div class=\"wp-block-column is-layout-flow wp-block-column-is-layout-flow\">\n<figure class=\"wp-block-image size-full is-resized\"><img loading=\"lazy\" decoding=\"async\" src=\"https:\/\/www.flexheaters.com\/de\/wp-content\/uploads\/sites\/2\/gallery-4.webp\" alt=\"im Rohr eingebaute Silikonheizung f\u00fcr W\u00e4rmebildger\u00e4te\" class=\"wp-image-156\" width=\"217\" height=\"217\" title=\"im Rohr eingebaute Silikonheizung f\u00fcr W\u00e4rmebildger\u00e4te\"\/><\/figure>\n<\/div>\n<\/div>\n\n\n\n<p>Durch einen kontrollierten W\u00e4rme- und Druckprozess k\u00f6nnen Silikon-Heizmatten werkseitig auf glatte oder schwarz eloxierte Aluminium-, Edelstahl- oder andere Metallprofile\/-platten vulkanisiert werden. Der Silikonkautschuk flie\u00dft tats\u00e4chlich in die Mikrostruktur des Metallprofils, bildet eine dauerhafte Verbindung und erm\u00f6glicht die effizienteste W\u00e4rme\u00fcbertragung.<\/p>\n\n\n\n<p>Durch die werkseitige Vulkanisation k\u00f6nnen Silikon-Heizelemente mit h\u00f6herer Wattdichte konstruiert und die Lebensdauer der Heizelemente verl\u00e4ngert werden. W\u00e4hrend die maximale Wattdichte f\u00fcr Standard-Silikonheizer 0,8 Watt pro cm2 betr\u00e4gt, kann die werkseitige Vulkanisation auf Alunimum bis zu 3,0 Watt pro cm2 unterst\u00fctzen, wenn die Betriebstemperatur gesteuert wird.<\/p>\n\n\n\n<p>Das werkseitig vulkanisierte, beheizte Metallprofil hat eine \u00fcberlegene Leistung als jede Installation vor Ort. Mit einer hauseigenen Metallwerkstatt und einem umfangreichen Lieferantennetzwerk sind wir in der Lage, qualitativ hochwertige Heizl\u00f6sungen f\u00fcr jede Art von Metallprofilen zu liefern.<\/p>\n\n\n\n<p>Durch ein \u00e4hnliches Verfahren, jedoch ohne K\u00fchlk\u00f6rper, k\u00f6nnen Silikon-Heizelemente werkseitig dauerhaft in eine Form (meistens zylindrisch oder spiralf\u00f6rmig) vulkanisiert \/ vorgeformt werden. Das Vorformen erleichtert die Installation von Heizelementen aus Silikonkautschuk an Rohren und Zylindern mit kleinem Durchmesser oder das Anbringen von Heizelementen an der Innenseite von Metallf\u00e4ssern erheblich.<\/p>\n\n\n\n<h2 class=\"wp-block-heading\">Wasserdicht<\/h2>\n\n\n\n<div class=\"wp-block-columns is-layout-flex wp-container-core-columns-layout-4 wp-block-columns-is-layout-flex\">\n<div class=\"wp-block-column is-layout-flow wp-block-column-is-layout-flow\"><div class=\"wp-block-image\">\n<figure class=\"aligncenter size-full\"><img loading=\"lazy\" decoding=\"async\" width=\"200\" height=\"154\" src=\"https:\/\/www.flexheaters.com\/de\/wp-content\/uploads\/sites\/2\/immersible-silicone-heater.jpg\" alt=\"Tauchtest einer Silikonheizmatte in Adblue\" class=\"wp-image-28\" title=\"Tauchtest einer Silikonheizmatte in Adblue\"\/><\/figure><\/div><\/div>\n\n\n\n<div class=\"wp-block-column is-layout-flow wp-block-column-is-layout-flow\"><div class=\"wp-block-image\">\n<figure class=\"aligncenter size-full\"><img loading=\"lazy\" decoding=\"async\" width=\"260\" height=\"146\" src=\"https:\/\/www.flexheaters.com\/de\/wp-content\/uploads\/sites\/2\/waterbagheater.jpg\" alt=\"Silikon-Heizmatte, die in einem Wasserbeutel installiert ist\" class=\"wp-image-4\" title=\"Silikon-Heizmatte, die in einem Wasserbeutel installiert ist\"\/><\/figure><\/div><\/div>\n<\/div>\n\n\n\n<p>Silikon-Heizelemente sind im Allgemeinen feuchtigkeitsbest\u00e4ndig. Bei gelegentlichem Spritzwasser reicht eine zus\u00e4tzliche Kantenversiegelung. Wenn die Heizmatte langfristig unter Wasser betrieben werden soll, muss das gesamte Heizelement pressgeformt werden, um zu vermeiden, dass Fiberglas Wasser ausgesetzt wird. In diesem Fall erh\u00f6ht sich die Dicke des Heizkissens auf etwa 2,6 mm. Auch integrierte Temperatursensoren sind m\u00f6glich.<\/p>\n\n\n\n<p>Die wasserdichten Silikon-Pad-Heizungen sind sehr n\u00fctzlich f\u00fcr feuchte Umgebungen oder sogar zum Erhitzen von Fl\u00fcssigkeiten, wo herk\u00f6mmliche Tauchsieder aufgrund von Platz- oder Montagebeschr\u00e4nkungen nicht installiert werden k\u00f6nnen. Zum Beispiel haben wir Silikon-Heizelemente (2 W\/cm<sup>2<\/sup>) f\u00fcr tragbare Hei\u00dfwasserkocher und Heizmatten geliefert, um die Temperatur im Gew\u00e4chshaus aufrechtzuerhalten.<\/p>\n\n\n\n<p>Unsere\u00a0<a href=\"\/de\/ptfe-teflon-heizmatte\">Teflon-Heizmatten<\/a>\u00a0und\u00a0<a href=\"\/de\/polyimid-heizfolie\">Polyimid-Heizfolien<\/a>\u00a0k\u00f6nnen auch zur Taucherw\u00e4rmung von Fl\u00fcssigkeiten verwendet werden. Bitte konsultieren Sie uns bez\u00fcglich der chemischen Kompatibilit\u00e4t, wenn Sie solche Anforderungen haben.<\/p>\n\n\n\n<div class=\"wp-block-columns is-layout-flex wp-container-core-columns-layout-5 wp-block-columns-is-layout-flex\">\n<div class=\"wp-block-column is-layout-flow wp-block-column-is-layout-flow\">\n<h2 class=\"wp-block-heading\">Temperaturanstiegskurve<\/h2>\n\n\n\n<p>Das Diagramm rechts zeigt den Anstieg der Oberfl\u00e4chentemperatur einer Standard-Silikon-Heizmatte mit unterschiedlichen Wattdichten. Bei der Pr\u00fcfung werden die Proben in einem geschlossenen Raum frei aufgeh\u00e4ngt.<\/p>\n\n\n\n<p>Die Grafik soll Ihnen eine Vorstellung davon geben, wie schnell das Aufheizen sein kann. Es kann die technische Berechnung und Pr\u00fcfung f\u00fcr Ihre spezifische Anwendung nicht ersetzen. Die Temperatur in der realen Situation h\u00e4ngt von vielen verschiedenen Faktoren ab.<\/p>\n<\/div>\n\n\n\n<div class=\"wp-block-column is-layout-flow wp-block-column-is-layout-flow\"><div class=\"wp-block-image\">\n<figure class=\"aligncenter size-full\"><img loading=\"lazy\" decoding=\"async\" width=\"238\" height=\"252\" src=\"https:\/\/www.flexheaters.com\/de\/wp-content\/uploads\/sites\/2\/temperature.jpg\" alt=\"Temperaturanstiegskurve einer typischen Silikonheizung\" class=\"wp-image-9\" title=\"Temperaturanstiegskurve einer typischen Silikonheizung\"\/><\/figure><\/div><\/div>\n<\/div>\n","protected":false},"excerpt":{"rendered":"<p>Silikon Heizelemente von Sinomas erm\u00f6glichen energieeffiziente und \u00e4u\u00dferst flexible Heizl\u00f6sungen. Sie nutzen die einzigartigen Eigenschaften von Silikonkautschuk (geringe thermische Masse, &#8230; <\/p>\n<p class=\"read-more-container\"><a title=\"Silikon-Heizelement\" class=\"read-more button\" href=\"https:\/\/www.flexheaters.com\/de\/silikon-heizelement\/#more-171\" aria-label=\"Mehr Informationen \u00fcber Silikon-Heizelement\">Read more<\/a><\/p>\n","protected":false},"author":1,"featured_media":0,"parent":0,"menu_order":0,"comment_status":"closed","ping_status":"closed","template":"","meta":{"footnotes":""},"_links":{"self":[{"href":"https:\/\/www.flexheaters.com\/de\/wp-json\/wp\/v2\/pages\/171"}],"collection":[{"href":"https:\/\/www.flexheaters.com\/de\/wp-json\/wp\/v2\/pages"}],"about":[{"href":"https:\/\/www.flexheaters.com\/de\/wp-json\/wp\/v2\/types\/page"}],"author":[{"embeddable":true,"href":"https:\/\/www.flexheaters.com\/de\/wp-json\/wp\/v2\/users\/1"}],"replies":[{"embeddable":true,"href":"https:\/\/www.flexheaters.com\/de\/wp-json\/wp\/v2\/comments?post=171"}],"version-history":[{"count":0,"href":"https:\/\/www.flexheaters.com\/de\/wp-json\/wp\/v2\/pages\/171\/revisions"}],"wp:attachment":[{"href":"https:\/\/www.flexheaters.com\/de\/wp-json\/wp\/v2\/media?parent=171"}],"curies":[{"name":"wp","href":"https:\/\/api.w.org\/{rel}","templated":true}]}}