{"id":188,"date":"2023-03-07T12:51:58","date_gmt":"2023-03-07T12:51:58","guid":{"rendered":"https:\/\/www.liudehua.de\/de\/?page_id=188"},"modified":"2023-03-07T15:57:54","modified_gmt":"2023-03-07T15:57:54","slug":"polyimid-heizfolie","status":"publish","type":"page","link":"https:\/\/www.flexheaters.com\/de\/polyimid-heizfolie\/","title":{"rendered":"Polyimid-Heizfolie"},"content":{"rendered":"\n<p>Von Sinomas hergestellte Polyimid-Heizfolien werden h\u00e4ufig f\u00fcr die Erw\u00e4rmung von Pr\u00e4zisionsinstrumenten auf bis zu 260 \u00b0C eingesetzt. Die vielseitigen Heizfolien sind die ultimative L\u00f6sung f\u00fcr viele leistungsfordernde Anwendungen.<\/p>\n\n\n\n<div class=\"wp-block-columns is-layout-flex wp-container-core-columns-layout-1 wp-block-columns-is-layout-flex\">\n<div class=\"wp-block-column is-layout-flow wp-block-column-is-layout-flow\" style=\"flex-basis:66.66%\">\n<p>Polyimidfolie ist ein organisches Material mit sehr hoher dielektrischer F\u00e4higkeit, flexiblem, d\u00fcnnem Profil und geringer thermischer Masse, w\u00e4hrend es eine hervorragende Best\u00e4ndigkeit gegen die meisten L\u00f6sungsmittel, S\u00e4uren und Strahlung bietet. Das transparente Polyimid-Heizelement erm\u00f6glicht eine einfache Sichtpr\u00fcfung der internen Folienschaltungsstruktur. In Verbindung mit diesen Eigenschaften sind Polyimid-Heizungen sehr ideal f\u00fcr Anwendungen:<\/p>\n\n\n\n<ul>\n<li>platz- und gewichtsintensive Instrumentenheizung<\/li>\n\n\n\n<li>Chemikalien oder \u00d6l ausgesetzt werden<\/li>\n\n\n\n<li>in Vakuumumgebungen, die eine geringe Ausgasung erfordern<\/li>\n\n\n\n<li>schnelles und pr\u00e4zises Aufheizen<\/li>\n\n\n\n<li>Niedervolt Heizfolie mit niedrigem Ohmwert, z.B. 5V, 12V, 24V<\/li>\n\n\n\n<li>Hochleistungsheizung f\u00fcr die Elektronik<\/li>\n<\/ul>\n<\/div>\n\n\n\n<div class=\"wp-block-column is-layout-flow wp-block-column-is-layout-flow\" style=\"flex-basis:33.33%\">\n<figure class=\"wp-block-image size-full\"><img loading=\"lazy\" decoding=\"async\" width=\"1020\" height=\"570\" src=\"https:\/\/www.flexheaters.com\/de\/wp-content\/uploads\/sites\/2\/demo-polyimide-heater.jpg\" alt=\"\" class=\"wp-image-67\" srcset=\"https:\/\/www.flexheaters.com\/de\/wp-content\/uploads\/sites\/2\/demo-polyimide-heater.jpg 1020w, https:\/\/www.flexheaters.com\/de\/wp-content\/uploads\/sites\/2\/demo-polyimide-heater-768x429.jpg 768w\" sizes=\"(max-width: 1020px) 100vw, 1020px\" \/><\/figure>\n<\/div>\n<\/div>\n\n\n\n<h2 class=\"wp-block-heading\">Folienwiderstandselement<\/h2>\n\n\n\n<div class=\"wp-block-columns is-layout-flex wp-container-core-columns-layout-2 wp-block-columns-is-layout-flex\">\n<div class=\"wp-block-column is-layout-flow wp-block-column-is-layout-flow\" style=\"flex-basis:66.66%\">\n<p>Polyimid-Heizelemente verwenden eine sehr d\u00fcnne (z. B. 50 \u03bcm) ge\u00e4tzte Metallfolie (normalerweise aus einer Legierung auf Nickelbasis) als Widerstandselement. Das zu \u00e4tzende Widerstandsmuster wird im CAD entworfen und auf die Folie \u00fcbertragen, die dann durch S\u00e4urespray zum gew\u00fcnschten Widerstandsmuster verarbeitet wird.<\/p>\n\n\n\n<p>Durch die Nutzung der ge\u00e4tzten Folientechnologie k\u00f6nnen komplizierte thermische Profile und ein breites Widerstandsspektrum realisiert werden. Eine bifilare Schaltungsm\u00e4anderanordnung ist m\u00f6glich, was oft erforderlich ist, um die parasit\u00e4re Induktivit\u00e4t in der Schaltung zu eliminieren.<\/p>\n<\/div>\n\n\n\n<div class=\"wp-block-column is-layout-flow wp-block-column-is-layout-flow\" style=\"flex-basis:33.33%\"><div class=\"wp-block-image\">\n<figure class=\"aligncenter size-full\"><img loading=\"lazy\" decoding=\"async\" width=\"240\" height=\"142\" src=\"https:\/\/www.flexheaters.com\/de\/wp-content\/uploads\/sites\/2\/kapton-heater-sinomas.jpg\" alt=\"\" class=\"wp-image-27\"\/><\/figure><\/div><\/div>\n<\/div>\n\n\n\n<h2 class=\"wp-block-heading\">Technische Spezifikation<\/h2>\n\n\n\n<figure class=\"wp-block-table has-small-font-size\"><table><tbody><tr><td>Betriebsspannung<\/td><td>12V &#8211; 400V&nbsp;<\/td><td>Max Temperatur<\/td><td>260\u00b0C (Anm. 3)<\/td><td>Mindestbreite<\/td><td>8mm (Anm. 1)<\/td><\/tr><tr><td>Wattdichte<\/td><td>\u2264&nbsp;3.0 W\/cm<sup>2<\/sup><\/td><td>Min Temperatur<\/td><td>-50\u00b0C<\/td><td>max Breite<\/td><td>500mm (Anm. 2)<\/td><\/tr><tr><td>Watt-Toleranz<\/td><td>\u2264 \u00b15%<\/td><td>R\u00fcckseite aus Alufolie<\/td><td>optional<\/td><td>Dicke<\/td><td>\u22640.2mm<\/td><\/tr><tr><td>Isolierung<\/td><td>&gt; 100M<\/td><td>W\u00e4rmed\u00e4mmung<\/td><td>optional<\/td><td>Biegungsradius<\/td><td>\u22650.8mm<\/td><\/tr><\/tbody><\/table><\/figure>\n\n\n\n<figure class=\"wp-block-table has-small-font-size\"><table><tbody><tr><td>Temperatursensor<\/td><td><a href=\"\/de\/film-pt100-pt1000\">RTD \/ Folie pt100<\/a>, Thermistor \/ NTC, Thermoelement, Thermosicherung, Thermostat<\/td><\/tr><tr><td>Selbstklebende R\u00fcckseite<\/td><td>optional mit PSA auf Acryl-, Silikon- oder Polyimidbasis<\/td><\/tr><tr><td>Schaltungsdesign<\/td><td>Design mit zwei Betriebsspannungen, mehrere W\u00e4rmezonen, induktionsfreies Design usw.<\/td><\/tr><tr><td>F\u00fchrt Draht<\/td><td>Teflon, Silikonkautschuk, PI-isolierte Kabel, andere Steckers\u00e4tze \/ Terminierung verf\u00fcgbar<\/td><\/tr><tr><td>Dielektrikum<\/td><td>&gt; 1000V\/min<\/td><\/tr><\/tbody><\/table><\/figure>\n\n\n\n<p>Anmerkungen:<\/p>\n\n\n\n<ol>\n<li>Die Mindestbreite der PolyimidHeizung betr\u00e4gt 8 mm f\u00fcr den einseitigen Kabelausgang, 5 mm f\u00fcr den zweiseitigen Kabelausgang<\/li>\n\n\n\n<li>Die maximale Breite der PolyimidHeizung wird nur durch die eingehende Rolle der Polyimidfolie begrenzt. Daher gibt es keine Begrenzung auf eine Dimension. Wir k\u00f6nnen breitere Heizungen herstellen, wenn das Bedarfsvolumen gro\u00df ist.<\/li>\n\n\n\n<li>Die maximale Betriebstemperatur h\u00e4ngt von vielen Faktoren ab. 260 \u00b0C gilt f\u00fcr aluminiumbeschichtete Polyimid-Heizelemente ohne Kleber\u00fccken.<\/li>\n<\/ol>\n\n\n\n<h2 class=\"wp-block-heading\">Polyimid-Heizfolie mit Aluminium-\/Kupferbeschichtung<\/h2>\n\n\n\n<div class=\"wp-block-columns is-layout-flex wp-container-core-columns-layout-3 wp-block-columns-is-layout-flex\">\n<div class=\"wp-block-column is-layout-flow wp-block-column-is-layout-flow\" style=\"flex-basis:66.66%\">\n<p>Eine Aluminiumfolienr\u00fcckseite auf Polyimid-Heizelementen kann die W\u00e4rmeverteilung verbessern und erm\u00f6glicht eine h\u00f6here Wattdichte. F\u00fcr selbst hohe Betriebstemperaturen und EMS-Unterdr\u00fcckung wird eine Aluminium- oder Kupferbeschichtung der Polyimid-Heizelemente empfohlen. Die maximale Betriebstemperatur der Heizung kann bis zu 260\u00b0C betragen. Die Technologie wurde erfolgreich bei Polyimid-Heizungen f\u00fcr medizinische CT-Scanner, Teilchenbeschleuniger usw. eingesetzt.<\/p>\n<\/div>\n\n\n\n<div class=\"wp-block-column is-layout-flow wp-block-column-is-layout-flow\" style=\"flex-basis:33.33%\"><div class=\"wp-block-image\">\n<figure class=\"aligncenter size-full\"><img loading=\"lazy\" decoding=\"async\" width=\"360\" height=\"139\" src=\"https:\/\/www.flexheaters.com\/de\/wp-content\/uploads\/sites\/2\/plated-heater.jpg\" alt=\"\" class=\"wp-image-19\"\/><\/figure><\/div><\/div>\n<\/div>\n\n\n\n<div class=\"wp-block-columns is-layout-flex wp-container-core-columns-layout-4 wp-block-columns-is-layout-flex\">\n<div class=\"wp-block-column is-layout-flow wp-block-column-is-layout-flow\" style=\"flex-basis:66.66%\">\n<h2 class=\"wp-block-heading\">Anwendungen<\/h2>\n\n\n\n<ul>\n<li>Medizinische Diagnoseinstrumente: W\u00e4rmeprobenschalen, Reagenzflaschen, CPAP-Beatmungsbefeuchter usw.<\/li>\n\n\n\n<li>zur Stabilisierung optoelektronischer Bauelemente<\/li>\n\n\n\n<li>um den Betrieb von Outdoor-Elektronik wie Laptop, Lichtbox, Geldautomat bei kaltem Wetter zu erm\u00f6glichen<\/li>\n\n\n\n<li>zum Schutz elektronischer und mechanischer Ger\u00e4te von Flugzeugen bei kaltem Wetter \/ kalter Umgebung<\/li>\n\n\n\n<li>Herstellungsprozess von Halbleitern<\/li>\n<\/ul>\n<\/div>\n\n\n\n<div class=\"wp-block-column is-layout-flow wp-block-column-is-layout-flow\" style=\"flex-basis:33.33%\">\n<figure class=\"wp-block-image size-full\"><img loading=\"lazy\" decoding=\"async\" width=\"360\" height=\"180\" src=\"https:\/\/www.flexheaters.com\/de\/wp-content\/uploads\/sites\/2\/laser-heater.webp\" alt=\"\" class=\"wp-image-26\"\/><\/figure>\n<\/div>\n<\/div>\n","protected":false},"excerpt":{"rendered":"<p>Von Sinomas hergestellte Polyimid-Heizfolien werden h\u00e4ufig f\u00fcr die Erw\u00e4rmung von Pr\u00e4zisionsinstrumenten auf bis zu 260 \u00b0C eingesetzt. Die vielseitigen Heizfolien &#8230; <\/p>\n<p class=\"read-more-container\"><a title=\"Polyimid-Heizfolie\" class=\"read-more button\" href=\"https:\/\/www.flexheaters.com\/de\/polyimid-heizfolie\/#more-188\" aria-label=\"Mehr Informationen \u00fcber Polyimid-Heizfolie\">Read more<\/a><\/p>\n","protected":false},"author":1,"featured_media":0,"parent":0,"menu_order":0,"comment_status":"closed","ping_status":"closed","template":"","meta":{"footnotes":""},"_links":{"self":[{"href":"https:\/\/www.flexheaters.com\/de\/wp-json\/wp\/v2\/pages\/188"}],"collection":[{"href":"https:\/\/www.flexheaters.com\/de\/wp-json\/wp\/v2\/pages"}],"about":[{"href":"https:\/\/www.flexheaters.com\/de\/wp-json\/wp\/v2\/types\/page"}],"author":[{"embeddable":true,"href":"https:\/\/www.flexheaters.com\/de\/wp-json\/wp\/v2\/users\/1"}],"replies":[{"embeddable":true,"href":"https:\/\/www.flexheaters.com\/de\/wp-json\/wp\/v2\/comments?post=188"}],"version-history":[{"count":0,"href":"https:\/\/www.flexheaters.com\/de\/wp-json\/wp\/v2\/pages\/188\/revisions"}],"wp:attachment":[{"href":"https:\/\/www.flexheaters.com\/de\/wp-json\/wp\/v2\/media?parent=188"}],"curies":[{"name":"wp","href":"https:\/\/api.w.org\/{rel}","templated":true}]}}