{"id":197,"date":"2023-03-07T13:05:36","date_gmt":"2023-03-07T13:05:36","guid":{"rendered":"https:\/\/www.liudehua.de\/de\/?page_id=197"},"modified":"2023-03-07T15:58:30","modified_gmt":"2023-03-07T15:58:30","slug":"ptfe-teflon-heizmatte","status":"publish","type":"page","link":"https:\/\/www.flexheaters.com\/de\/ptfe-teflon-heizmatte\/","title":{"rendered":"PTFE(Teflon)-Heizmatten"},"content":{"rendered":"\n<div class=\"wp-block-columns is-layout-flex wp-container-core-columns-layout-1 wp-block-columns-is-layout-flex\">\n<div class=\"wp-block-column is-layout-flow wp-block-column-is-layout-flow\"><div class=\"wp-block-image\">\n<figure class=\"aligncenter size-full\"><img loading=\"lazy\" decoding=\"async\" width=\"284\" height=\"250\" src=\"https:\/\/www.flexheaters.com\/de\/wp-content\/uploads\/sites\/2\/preformed-teflon-heater.png\" alt=\"\" class=\"wp-image-18\"\/><\/figure><\/div><\/div>\n\n\n\n<div class=\"wp-block-column is-layout-flow wp-block-column-is-layout-flow\">\n<figure class=\"wp-block-image size-full is-resized\"><img loading=\"lazy\" decoding=\"async\" src=\"https:\/\/www.flexheaters.com\/de\/wp-content\/uploads\/sites\/2\/teflon-heater.png\" alt=\"\" class=\"wp-image-10\" width=\"188\" height=\"245\"\/><\/figure>\n<\/div>\n<\/div>\n\n\n\n<p>PTFE(Teflon)-Heizmatten werden durch Laminieren von Heizelementen aus ge\u00e4tzter Folie zwischen mit PTFE (Teflon) beschichteten Glasfasergeweben gebildet. Mit nicht klebrigen, robusten Oberfl\u00e4chen haben PTFE(Teflon)-Heizmatten die folgenden Merkmale:<\/p>\n\n\n\n<ul>\n<li>Unempfindlich gegen S\u00e4uren und Basen durch den Schutz der PTFE (Teflon)-Beschichtung<\/li>\n\n\n\n<li>Leicht, geringe thermische Masse, d\u00fcnnes Profil (ca. 0,5 mm), genau wie bei\u00a0<a href=\"\/de\">flexiblen Heizelementen<\/a>\u00a0anderer Art. Im Vergleich zu metallverkleideten Heizungen mit Teflon-Oberfl\u00e4chenbeschichtung ben\u00f6tigen sie wenig Platz f\u00fcr die Installation.<\/li>\n\n\n\n<li>Geruchlos, hydrophob, saubere, nicht haftende Oberfl\u00e4che<\/li>\n\n\n\n<li>Robuste Oberfl\u00e4chenschicht, wetterfest<\/li>\n\n\n\n<li>Dauerbetriebstemperatur bis 280\u00b0C<\/li>\n\n\n\n<li>Hohe Durchschlagsfestigkeit, 1000-2500 VAC<\/li>\n\n\n\n<li>Verf\u00fcgbare Farben: schwarz, braun, wei\u00df, blau<\/li>\n<\/ul>\n\n\n\n<h2 class=\"wp-block-heading\">Anwendungen<\/h2>\n\n\n\n<ul>\n<li>Beheizung von Tanks, F\u00e4ssern und Rohren in staubfreier Umgebung<\/li>\n\n\n\n<li>Heizanwendungen, die eine nicht klebrige Oberfl\u00e4che erfordern, z. B. saubere Werkst\u00e4tten, Sterilisatoren.<\/li>\n\n\n\n<li>Heizung f\u00fcr chemische und Bearbeitungsverfahren wie Plattieren, Elektrolyse, S\u00e4urebad, Polieren, Eloxieren usw.<\/li>\n\n\n\n<li>Ersetzen herk\u00f6mmlicher Tauchsieder bei platzintensiven Anl\u00e4ssen<\/li>\n<\/ul>\n","protected":false},"excerpt":{"rendered":"<p>PTFE(Teflon)-Heizmatten werden durch Laminieren von Heizelementen aus ge\u00e4tzter Folie zwischen mit PTFE (Teflon) beschichteten Glasfasergeweben gebildet. Mit nicht klebrigen, robusten &#8230; <\/p>\n<p class=\"read-more-container\"><a title=\"PTFE(Teflon)-Heizmatten\" class=\"read-more button\" href=\"https:\/\/www.flexheaters.com\/de\/ptfe-teflon-heizmatte\/#more-197\" aria-label=\"Mehr Informationen \u00fcber PTFE(Teflon)-Heizmatten\">Read more<\/a><\/p>\n","protected":false},"author":1,"featured_media":0,"parent":0,"menu_order":0,"comment_status":"closed","ping_status":"closed","template":"","meta":{"footnotes":""},"_links":{"self":[{"href":"https:\/\/www.flexheaters.com\/de\/wp-json\/wp\/v2\/pages\/197"}],"collection":[{"href":"https:\/\/www.flexheaters.com\/de\/wp-json\/wp\/v2\/pages"}],"about":[{"href":"https:\/\/www.flexheaters.com\/de\/wp-json\/wp\/v2\/types\/page"}],"author":[{"embeddable":true,"href":"https:\/\/www.flexheaters.com\/de\/wp-json\/wp\/v2\/users\/1"}],"replies":[{"embeddable":true,"href":"https:\/\/www.flexheaters.com\/de\/wp-json\/wp\/v2\/comments?post=197"}],"version-history":[{"count":0,"href":"https:\/\/www.flexheaters.com\/de\/wp-json\/wp\/v2\/pages\/197\/revisions"}],"wp:attachment":[{"href":"https:\/\/www.flexheaters.com\/de\/wp-json\/wp\/v2\/media?parent=197"}],"curies":[{"name":"wp","href":"https:\/\/api.w.org\/{rel}","templated":true}]}}