{"id":2,"date":"2023-03-07T08:50:46","date_gmt":"2023-03-07T08:50:46","guid":{"rendered":"https:\/\/www.liudehua.de\/de\/?page_id=2"},"modified":"2025-12-04T19:54:16","modified_gmt":"2025-12-04T19:54:16","slug":"sample-page","status":"publish","type":"page","link":"https:\/\/www.flexheaters.com\/de\/","title":{"rendered":"Innovative technische Heizung"},"content":{"rendered":"\n<div class=\"wp-block-columns is-layout-flex wp-container-core-columns-layout-1 wp-block-columns-is-layout-flex\">\n<div class=\"wp-block-column is-layout-flow wp-block-column-is-layout-flow\">\n<p>SINOMAS ist stolz darauf, ein Qualit\u00e4tshersteller flexibler Heizelemente und ein Probleml\u00f6ser zu sein, wenn kreative Heizl\u00f6sungen gefragt sind.<\/p>\n\n\n\n<p>Unsere Team besteht aus einem breiten Spektrum kreativer Fachleute, die zusammenarbeiten, um die am besten geeigneten technischen Heizl\u00f6sungen zu entwickeln.&nbsp;Wir bieten unseren Kunden eine Konvergenz von Talenten in den Bereichen Materialien, Engineering und Steuerungstechnologie.<\/p>\n<\/div>\n\n\n\n<div class=\"wp-block-column is-layout-flow wp-block-column-is-layout-flow\"><div class=\"wp-block-image\">\n<figure class=\"aligncenter size-full is-resized\"><img loading=\"lazy\" decoding=\"async\" width=\"360\" height=\"240\" src=\"https:\/\/www.flexheaters.com\/de\/wp-content\/uploads\/sites\/2\/heater-plate.webp\" alt=\"\" class=\"wp-image-32\" style=\"width:278px;height:185px\"\/><\/figure><\/div><\/div>\n<\/div>\n\n\n\n<div class=\"wp-block-columns is-layout-flex wp-container-core-columns-layout-2 wp-block-columns-is-layout-flex\">\n<div class=\"wp-block-column is-layout-flow wp-block-column-is-layout-flow\">\n<h2 class=\"wp-block-heading\">Ma\u00dfgeschneiderte Heizl\u00f6sung<\/h2>\n\n\n\n<p>Wir positionieren uns als mittelst\u00e4ndisches Unternehmen.&nbsp;Als kleiner Player in der Heizungsbranche sind wir viel reaktionsschneller und flexibler.&nbsp;Unsere F\u00e4higkeiten gehen jedoch \u00fcber die Herstellung einiger Heizger\u00e4te hinaus.&nbsp;Wir sind in der Lage, Ihnen vollst\u00e4ndig kundenspezifische Heizl\u00f6sungen anzubieten, die verschiedene Heiztechnologien und integrierte&nbsp;&nbsp;<a href=\"https:\/\/www.flexheaters.com\/temperature-control\">digitale Temperaturregler<\/a>&nbsp;abdecken .&nbsp;Zur Leistungssteigerung und Kosteneinsparung haben Sie weitere Vorteile, wenn Sie mit uns zusammenarbeiten.&nbsp;<\/p>\n<\/div>\n<\/div>\n\n\n\n<div class=\"wp-block-columns is-layout-flex wp-container-core-columns-layout-3 wp-block-columns-is-layout-flex\">\n<div class=\"wp-block-column is-layout-flow wp-block-column-is-layout-flow\"><div class=\"wp-block-image\">\n<figure class=\"aligncenter size-full\"><img loading=\"lazy\" decoding=\"async\" width=\"360\" height=\"240\" src=\"https:\/\/www.flexheaters.com\/de\/wp-content\/uploads\/sites\/2\/flexible-heater.webp\" alt=\"\" class=\"wp-image-55\"\/><\/figure><\/div><\/div>\n\n\n\n<div class=\"wp-block-column is-layout-flow wp-block-column-is-layout-flow\">\n<h2 class=\"wp-block-heading\">Ge\u00e4tzte Folientechnologie<\/h2>\n\n\n\n<p>Im Vergleich zu drahtgewickelten Heizelementen sind ge\u00e4tzte Folienheizelemente d\u00fcnner und haben eine viel gr\u00f6\u00dfere Kontaktfl\u00e4che.&nbsp;Das W\u00e4rmeprofil ist gleichm\u00e4\u00dfiger, genauer und wiederholbarer.&nbsp;Viele Optionen, die f\u00fcr die FPC-Industrie verf\u00fcgbar sind, k\u00f6nnen auch auf die Herstellung von ge\u00e4tzten Folienheizungen angewendet werden.&nbsp;Wir verwenden so oft wie m\u00f6glich ge\u00e4tzte Folienheizelemente, mit wenigen Ausnahmen wie unregelm\u00e4\u00dfigen 3D-f\u00f6rmigen Heizelementen.<\/p>\n\n\n\n<h2 class=\"wp-block-heading\">Qualit\u00e4tssicherung<\/h2>\n\n\n\n<p>Unsere flexiblen Heizungen und Temperaturregler verf\u00fcgen \u00fcber UL- und CE-Zulassungen.&nbsp;Sie entsprechen auch den neuesten RoHS-Richtlinien der EU.&nbsp;Unsere Fabrik ist nach ISO9001 und TS16949 zertifiziert.&nbsp;Kontaktieren Sie uns gerne, wenn Sie weitere Details ben\u00f6tigen.<\/p>\n<\/div>\n<\/div>\n\n\n\n<h2 class=\"wp-block-heading\">Vertrauensw\u00fcrdiger Gesch\u00e4ftspartner<\/h2>\n\n\n\n<p>Im Laufe der Jahre haben wir uns in der Heizungsbranche einen Namen gemacht.&nbsp;Unsere Kunden sind \u00fcber die ganze Welt in den unterschiedlichsten Industriezweigen verstreut.&nbsp;Wir bauen das Gesch\u00e4ft aus, indem wir reaktionsschnell, kooperativ und verantwortungsbewusst sind.&nbsp;Wenn Sie einen langfristigen Partner f\u00fcr die flexible Heizungsversorgung suchen, nehmen Sie jetzt Kontakt mit uns auf.&nbsp;Sie werden bald sehr zufrieden mit dieser Entscheidung sein.<\/p>\n","protected":false},"excerpt":{"rendered":"<p>SINOMAS ist stolz darauf, ein Qualit\u00e4tshersteller flexibler Heizelemente und ein Probleml\u00f6ser zu sein, wenn kreative Heizl\u00f6sungen gefragt sind. Unsere Team &#8230; <\/p>\n<p class=\"read-more-container\"><a title=\"Innovative technische Heizung\" class=\"read-more button\" href=\"https:\/\/www.flexheaters.com\/de\/#more-2\" aria-label=\"Mehr Informationen \u00fcber Innovative technische Heizung\">Read more<\/a><\/p>\n","protected":false},"author":1,"featured_media":0,"parent":0,"menu_order":0,"comment_status":"closed","ping_status":"open","template":"","meta":{"footnotes":""},"_links":{"self":[{"href":"https:\/\/www.flexheaters.com\/de\/wp-json\/wp\/v2\/pages\/2"}],"collection":[{"href":"https:\/\/www.flexheaters.com\/de\/wp-json\/wp\/v2\/pages"}],"about":[{"href":"https:\/\/www.flexheaters.com\/de\/wp-json\/wp\/v2\/types\/page"}],"author":[{"embeddable":true,"href":"https:\/\/www.flexheaters.com\/de\/wp-json\/wp\/v2\/users\/1"}],"replies":[{"embeddable":true,"href":"https:\/\/www.flexheaters.com\/de\/wp-json\/wp\/v2\/comments?post=2"}],"version-history":[{"count":1,"href":"https:\/\/www.flexheaters.com\/de\/wp-json\/wp\/v2\/pages\/2\/revisions"}],"predecessor-version":[{"id":302,"href":"https:\/\/www.flexheaters.com\/de\/wp-json\/wp\/v2\/pages\/2\/revisions\/302"}],"wp:attachment":[{"href":"https:\/\/www.flexheaters.com\/de\/wp-json\/wp\/v2\/media?parent=2"}],"curies":[{"name":"wp","href":"https:\/\/api.w.org\/{rel}","templated":true}]}}