{"id":200,"date":"2023-03-07T13:09:08","date_gmt":"2023-03-07T13:09:08","guid":{"rendered":"https:\/\/www.liudehua.de\/de\/?page_id=200"},"modified":"2023-03-07T15:59:05","modified_gmt":"2023-03-07T15:59:05","slug":"glimmer-heizelement","status":"publish","type":"page","link":"https:\/\/www.flexheaters.com\/de\/glimmer-heizelement\/","title":{"rendered":"Glimmer-Heizelement"},"content":{"rendered":"\n<p>Glimmer-Heizelement haben eine \u00fcberlegene Heizleistung und sind gleichzeitig bis zu einem gewissen Grad flexibel. Sie bestehen aus einem ge\u00e4tzten Folienelement, das zwischen zwei Lagen Glimmerplatte eingebettet ist, und k\u00f6nnen bei Temperaturen bis zu 500 \u00b0C betrieben werden.<\/p>\n\n\n\n<p>Das Isoliermaterial ist Phlogopit-Glimmer, der mit einem hochtemperaturbest\u00e4ndigen Polymer versetzt ist. Das infundierte Polymer tr\u00e4gt dazu bei, dass Glimmer-Heizelement w\u00e4hrend des Herstellungsprozesses formbar sind. Die abschlie\u00dfende W\u00e4rmeh\u00e4rtung erh\u00f6ht die Steifigkeit und fixiert die Form.<\/p>\n\n\n\n<p>Die hervorragende Durchschlagsfestigkeit und Hochtemperaturf\u00e4higkeit machen Glimmer-Heizelement zur perfekten Wahl sowohl f\u00fcr Konvektions- als auch f\u00fcr Strahlungsheizungen. Es kann die herk\u00f6mmlichen Rohrheizk\u00f6rper in Anwendungen ersetzen, in denen der Einbauraum begrenzt ist.&nbsp;<\/p>\n\n\n\n<h2 class=\"wp-block-heading\">Feature-Zusammenfassung<\/h2>\n\n\n\n<div class=\"wp-block-columns is-layout-flex wp-container-core-columns-layout-1 wp-block-columns-is-layout-flex\">\n<div class=\"wp-block-column is-layout-flow wp-block-column-is-layout-flow\">\n<ul>\n<li>Gro\u00dfer Temperaturbereich von -150 \u00b0C bis 500 \u00b0C<\/li>\n\n\n\n<li>Au\u00dfergew\u00f6hnliche W\u00e4rme\u00fcbertragung, schnelle Erw\u00e4rmung<\/li>\n\n\n\n<li>Hohe Leistungsdichte &gt;15 W\/cm\u00b2<\/li>\n\n\n\n<li>Hervorragende Durchschlagsfestigkeit, geringe Leckage<\/li>\n\n\n\n<li>erm\u00f6glicht gekr\u00fcmmte Heizfl\u00e4chen<\/li>\n\n\n\n<li>Anpassbare 2D-Form, einschlie\u00dflich Ausschnitt<\/li>\n\n\n\n<li>Kann direkt auf die Heizfl\u00e4che geklemmt werden<\/li>\n\n\n\n<li>Gleichm\u00e4\u00dfige W\u00e4rmeverteilung<\/li>\n\n\n\n<li>Mehrwertoptionen verf\u00fcgbar<\/li>\n<\/ul>\n<\/div>\n\n\n\n<div class=\"wp-block-column is-layout-flow wp-block-column-is-layout-flow\"><div class=\"wp-block-image\">\n<figure class=\"aligncenter size-full is-resized\"><img loading=\"lazy\" decoding=\"async\" src=\"https:\/\/www.flexheaters.com\/de\/wp-content\/uploads\/sites\/2\/mica-heating-plate.jpg\" alt=\"\" class=\"wp-image-24\" width=\"225\" height=\"250\"\/><\/figure><\/div><\/div>\n<\/div>\n\n\n\n<h2 class=\"wp-block-heading\">Technische Spezifikation<\/h2>\n\n\n\n<figure class=\"wp-block-table has-small-font-size\"><table><tbody><tr><td>Betriebsspannung<\/td><td>12V &#8211; 690V&nbsp;<\/td><td>Max Temperatur<\/td><td>500\u00b0C<\/td><td>Mindestgr\u00f6\u00dfe<\/td><td>15x30mm<\/td><\/tr><tr><td>Wattdichte<\/td><td>\u2264 15 W\/cm<sup>2<\/sup><\/td><td>Min. Temperatur<\/td><td>-150\u00b0C<\/td><td>Max. Gr\u00f6\u00dfe<\/td><td>600x1000mm<\/td><\/tr><tr><td>Widerstandstoleranz<\/td><td>\u2264 \u00b15%<\/td><td>&nbsp;<\/td><td>&nbsp;<\/td><td>Dicke<\/td><td>0.5 &#8211; 1.0mm<\/td><\/tr><tr><td>Dielektrikum<\/td><td>30KV\/mm<\/td><td>&nbsp;<\/td><td>&nbsp;<\/td><td>&nbsp;<\/td><td>&nbsp;<\/td><\/tr><\/tbody><\/table><\/figure>\n\n\n\n<figure class=\"wp-block-table has-small-font-size\"><table><tbody><tr><td>Temperatursensor<\/td><td>RTD \/\u00a0<a href=\"\/de\/film-pt100-pt1000\">pt100<\/a>, Thermistor \/ NTC, Thermoelement, Thermosicherung, Thermostat<\/td><\/tr><tr><td>Installation<\/td><td>RTV, mechanische Klemmung<\/td><\/tr><tr><td>Schaltungsdesign<\/td><td>doppelte Betriebsspannung, dreiphasige Heizung, Design mit niedriger Induktivit\u00e4t usw.<\/td><\/tr><tr><td>Leitungsdr\u00e4hte<\/td><td>Teflon, Silikonkautschuk, glasfaserisolierte Kabel, spezieller Kabelbaum erh\u00e4ltlich<\/td><\/tr><\/tbody><\/table><\/figure>\n\n\n\n<div class=\"wp-block-columns is-layout-flex wp-container-core-columns-layout-2 wp-block-columns-is-layout-flex\">\n<div class=\"wp-block-column is-layout-flow wp-block-column-is-layout-flow\">\n<h4 class=\"wp-block-heading\">Anwendungen der Glimmer-Heizelemente<\/h4>\n\n\n\n<ul>\n<li>Halbleiterverarbeitung<\/li>\n\n\n\n<li>Verpackungs-, Umreifungs- und Versiegelungsger\u00e4te<\/li>\n\n\n\n<li>Spritzguss-Ausr\u00fcstung<\/li>\n\n\n\n<li>Kommerzielle Gastronomieger\u00e4te, Konvektion, Kochplatten und Oberfl\u00e4chen<\/li>\n\n\n\n<li>Radiatoren und Fl\u00e4chenheizungen<\/li>\n\n\n\n<li>Medizinische Instrumente: DNA-Analyse, Desinfektion, Blutkonserven, Injektionen und Infusionen<\/li>\n<\/ul>\n<\/div>\n\n\n\n<div class=\"wp-block-column is-layout-flow wp-block-column-is-layout-flow\"><div class=\"wp-block-image\">\n<figure class=\"aligncenter size-full is-resized\"><img loading=\"lazy\" decoding=\"async\" src=\"https:\/\/www.flexheaters.com\/de\/wp-content\/uploads\/sites\/2\/mica-heater.jpg\" alt=\"\" class=\"wp-image-25\" width=\"360\" height=\"261\"\/><\/figure><\/div><\/div>\n<\/div>\n","protected":false},"excerpt":{"rendered":"<p>Glimmer-Heizelement haben eine \u00fcberlegene Heizleistung und sind gleichzeitig bis zu einem gewissen Grad flexibel. Sie bestehen aus einem ge\u00e4tzten Folienelement, &#8230; <\/p>\n<p class=\"read-more-container\"><a title=\"Glimmer-Heizelement\" class=\"read-more button\" href=\"https:\/\/www.flexheaters.com\/de\/glimmer-heizelement\/#more-200\" aria-label=\"Mehr Informationen \u00fcber Glimmer-Heizelement\">Read more<\/a><\/p>\n","protected":false},"author":1,"featured_media":0,"parent":0,"menu_order":0,"comment_status":"closed","ping_status":"closed","template":"","meta":{"footnotes":""},"_links":{"self":[{"href":"https:\/\/www.flexheaters.com\/de\/wp-json\/wp\/v2\/pages\/200"}],"collection":[{"href":"https:\/\/www.flexheaters.com\/de\/wp-json\/wp\/v2\/pages"}],"about":[{"href":"https:\/\/www.flexheaters.com\/de\/wp-json\/wp\/v2\/types\/page"}],"author":[{"embeddable":true,"href":"https:\/\/www.flexheaters.com\/de\/wp-json\/wp\/v2\/users\/1"}],"replies":[{"embeddable":true,"href":"https:\/\/www.flexheaters.com\/de\/wp-json\/wp\/v2\/comments?post=200"}],"version-history":[{"count":0,"href":"https:\/\/www.flexheaters.com\/de\/wp-json\/wp\/v2\/pages\/200\/revisions"}],"wp:attachment":[{"href":"https:\/\/www.flexheaters.com\/de\/wp-json\/wp\/v2\/media?parent=200"}],"curies":[{"name":"wp","href":"https:\/\/api.w.org\/{rel}","templated":true}]}}