{"id":206,"date":"2023-03-07T13:20:22","date_gmt":"2023-03-07T13:20:22","guid":{"rendered":"https:\/\/www.liudehua.de\/de\/?page_id=206"},"modified":"2023-03-07T13:25:19","modified_gmt":"2023-03-07T13:25:19","slug":"dickschicht-heizelemente","status":"publish","type":"page","link":"https:\/\/www.flexheaters.com\/de\/dickschicht-heizelemente\/","title":{"rendered":"Dickschicht Heizelemente"},"content":{"rendered":"\n<div class=\"wp-block-columns is-layout-flex wp-container-core-columns-layout-1 wp-block-columns-is-layout-flex\">\n<div class=\"wp-block-column is-layout-flow wp-block-column-is-layout-flow\"><div class=\"wp-block-image\">\n<figure class=\"aligncenter size-full is-resized\"><img loading=\"lazy\" decoding=\"async\" src=\"https:\/\/www.flexheaters.com\/de\/wp-content\/uploads\/sites\/2\/thick-film-heater-plate.webp\" alt=\"\" class=\"wp-image-8\" width=\"180\" height=\"180\"\/><\/figure><\/div><\/div>\n\n\n\n<div class=\"wp-block-column is-layout-flow wp-block-column-is-layout-flow\"><div class=\"wp-block-image\">\n<figure class=\"aligncenter size-full is-resized\"><img loading=\"lazy\" decoding=\"async\" src=\"https:\/\/www.flexheaters.com\/de\/wp-content\/uploads\/sites\/2\/thick-film-heater-ring.webp\" alt=\"\" class=\"wp-image-7\" width=\"190\" height=\"190\"\/><\/figure><\/div><\/div>\n\n\n\n<div class=\"wp-block-column is-layout-flow wp-block-column-is-layout-flow\"><div class=\"wp-block-image\">\n<figure class=\"aligncenter size-full is-resized\"><img loading=\"lazy\" decoding=\"async\" src=\"https:\/\/www.flexheaters.com\/de\/wp-content\/uploads\/sites\/2\/thick-film-heater-tube.webp\" alt=\"\" class=\"wp-image-6\" width=\"180\" height=\"180\"\/><\/figure><\/div><\/div>\n<\/div>\n\n\n\n<p>Dickschicht Heizelemente sind ideal f\u00fcr Anwendungen, die eine gleichm\u00e4\u00dfige Erw\u00e4rmung und schnelle Reaktion erfordern. Die Integration von Heizkreisen mit K\u00fchlk\u00f6rpern f\u00fchrt zu einer hervorragenden W\u00e4rme\u00fcbertragung. Im Vergleich zu gew\u00f6hnlichen Rohrheizk\u00f6rpern haben Dickschichtheizk\u00f6rper eine gro\u00dfe Oberfl\u00e4che f\u00fcr die W\u00e4rme\u00fcbertragung bei geringerem Platzbedarf.<\/p>\n\n\n\n<p>Das Substrat f\u00fcr Dickschichtheizungen kann Edelstahl, Keramik oder sogar Glas sein. Die Form kann flache oder gekr\u00fcmmte Ebenen oder R\u00f6hren sein. F\u00fcr Anwendungen mit hohem Widerstand bei niedrigen Temperaturen haben wir eine D\u00fcnnfilm-Heizl\u00f6sung, die partielles Sputtern verwendet.&nbsp;<\/p>\n\n\n\n<p>Dickschichtheizungen k\u00f6nnen durch Anbringen von L\u00f6chern, Schrauben, Muttern, Schwei\u00dfn\u00e4hten, Federkontakten usw. installiert werden<\/p>\n\n\n\n<h2 class=\"wp-block-heading\">Technische Spezifikation<\/h2>\n\n\n\n<figure class=\"wp-block-table has-small-font-size\"><table><tbody><tr><td>Betriebsspannung<\/td><td>0 &#8211; 240V&nbsp;<\/td><td>Max Temperatur<\/td><td>550\u00b0C (Anm. 1)<\/td><td>Mindestbreite<\/td><td>57mm<\/td><\/tr><tr><td>Wattdichte<\/td><td>\u2264 12 W\/cm<sup>2<\/sup><\/td><td>Min Temperatur<\/td><td>&#8211;<\/td><td>max. Breite<\/td><td>610mm<\/td><\/tr><tr><td>Wattzahl<\/td><td>bis zu mehreren KW (Anm. 2)<\/td><td>Watt-Toleranz<\/td><td>\u2264 \u00b15% (\u00b12% m\u00f6glich)<\/td><td><\/td><td><\/td><\/tr><\/tbody><\/table><\/figure>\n\n\n\n<p>Anmerkung:<\/p>\n\n\n\n<ol>\n<li>Keramiksche Dickschicht Heizelemente haben aufgrund der \u00e4hnlichen Expansionsrate eine h\u00f6here Temperaturbewertung.<\/li>\n\n\n\n<li>Dickschicht Heizelemente weisen einen signifikanten PTC-Effekt auf. Ihre Leistung nimmt mit steigender Temperatur sukzessive ab.<\/li>\n<\/ol>\n\n\n\n<h2 class=\"wp-block-heading\">Anwendungen<\/h2>\n\n\n\n<p>IIn Verbindung mit den intrinsischen strukturellen Vorteilen werden Dickschichtheizungen h\u00e4ufig verwendet f\u00fcr:<\/p>\n\n\n\n<ul>\n<li>Netzspannungsheizung: Heizk\u00f6rper, Heizplatten, Durchlauferhitzer;<\/li>\n\n\n\n<li>Entladeleistungswiderst\u00e4nde;<\/li>\n\n\n\n<li>Lebensmittel- und Getr\u00e4nkespender, wei\u00dfe Ware;<\/li>\n\n\n\n<li>Automotive: Thermomanagement f\u00fcr Batterie, Innenraum und Komfortheizung von Elektrofahrzeugen;<\/li>\n\n\n\n<li>Halbleiter: Waferverarbeitung;<\/li>\n\n\n\n<li>Verpackungs- und Versiegelungsausr\u00fcstung;<\/li>\n\n\n\n<li>Analytische Ger\u00e4te, z.B. DNA-Analysator<\/li>\n<\/ul>\n","protected":false},"excerpt":{"rendered":"<p>Dickschicht Heizelemente sind ideal f\u00fcr Anwendungen, die eine gleichm\u00e4\u00dfige Erw\u00e4rmung und schnelle Reaktion erfordern. Die Integration von Heizkreisen mit K\u00fchlk\u00f6rpern &#8230; <\/p>\n<p class=\"read-more-container\"><a title=\"Dickschicht Heizelemente\" class=\"read-more button\" href=\"https:\/\/www.flexheaters.com\/de\/dickschicht-heizelemente\/#more-206\" aria-label=\"Mehr Informationen \u00fcber Dickschicht Heizelemente\">Read more<\/a><\/p>\n","protected":false},"author":1,"featured_media":0,"parent":0,"menu_order":0,"comment_status":"closed","ping_status":"closed","template":"","meta":{"footnotes":""},"_links":{"self":[{"href":"https:\/\/www.flexheaters.com\/de\/wp-json\/wp\/v2\/pages\/206"}],"collection":[{"href":"https:\/\/www.flexheaters.com\/de\/wp-json\/wp\/v2\/pages"}],"about":[{"href":"https:\/\/www.flexheaters.com\/de\/wp-json\/wp\/v2\/types\/page"}],"author":[{"embeddable":true,"href":"https:\/\/www.flexheaters.com\/de\/wp-json\/wp\/v2\/users\/1"}],"replies":[{"embeddable":true,"href":"https:\/\/www.flexheaters.com\/de\/wp-json\/wp\/v2\/comments?post=206"}],"version-history":[{"count":0,"href":"https:\/\/www.flexheaters.com\/de\/wp-json\/wp\/v2\/pages\/206\/revisions"}],"wp:attachment":[{"href":"https:\/\/www.flexheaters.com\/de\/wp-json\/wp\/v2\/media?parent=206"}],"curies":[{"name":"wp","href":"https:\/\/api.w.org\/{rel}","templated":true}]}}