{"id":213,"date":"2023-03-07T13:37:14","date_gmt":"2023-03-07T13:37:14","guid":{"rendered":"https:\/\/www.liudehua.de\/de\/?page_id=213"},"modified":"2025-12-04T19:51:35","modified_gmt":"2025-12-04T19:51:35","slug":"anti-kondensat-heizung","status":"publish","type":"page","link":"https:\/\/www.flexheaters.com\/de\/anti-kondensat-heizung\/","title":{"rendered":"Anti-Kondensat-Heizung"},"content":{"rendered":"\n<p>Anti-Kondensat Schaltschrankheizungen werden verwendet, um Kundengeh\u00e4use, Schalttafeln oder Schaltschr\u00e4nke vor Problemen zu sch\u00fctzen, die durch Temperaturschwankungen wie Kondensation verursacht werden. Solche Bedingungen treten wahrscheinlich auf, wenn die Umgebungstemperatur niedrig ist und die Ger\u00e4te im Inneren des Geh\u00e4uses nicht mit Strom versorgt werden oder nicht gen\u00fcgend W\u00e4rme abf\u00fchren, um die Geh\u00e4usetemperatur \u00fcber dem Taupunkt zu halten. Schaltschr\u00e4nke im Freien sind beispielsweise fast immer unter solchen Bedingungen..<\/p>\n\n\n\n<p>Anti-Kondensat Schaltschrankheizungen der RDB-Serie sind&nbsp;<a href=\"\/de\/silikon-heizelement\">Silikon-Heizelements<\/a>&nbsp;in Standardgr\u00f6\u00dfe, die in unserer Fabrik werkseitig auf die schwarz eloxierten Aluminiumplatten vulkanisiert werden. Die Aluplatten sind leicht, korrosionsbest\u00e4ndig und gut f\u00fcr die Strahlungsw\u00e4rme\u00fcbertragung. Im Vergleich zu anderen AntiKondensationsheizungen haben Silikonheizplatten folgende Vorteile:<\/p>\n\n\n\n<div class=\"wp-block-columns is-layout-flex wp-container-core-columns-layout-1 wp-block-columns-is-layout-flex\">\n<div class=\"wp-block-column is-layout-flow wp-block-column-is-layout-flow\" style=\"flex-basis:66.66%\">\n<ul>\n<li>Vorgebohrte Standard-Befestigungsl\u00f6cher, einfache Installation<\/li>\n\n\n\n<li>Hermetisch verschlossenes Heizelement, Vermeidung von Oxidationsproblemen<\/li>\n\n\n\n<li>Niedrige Oberfl\u00e4chentemperatur, ber\u00fchrungssicher<\/li>\n\n\n\n<li>Doppelte Isolierung aus feuchtigkeitsbest\u00e4ndigem Silikonkautschuk und alkalifreier Glasfaser, geeignet f\u00fcr raue Umgebungen<\/li>\n\n\n\n<li>Breiter Betriebstemperaturbereich: -60 \u00b0C bis 200 \u00b0C<\/li>\n\n\n\n<li>L\u00fcfterlose Strahlungsheizung, leiser Betrieb, lange Lebensdauer<\/li>\n\n\n\n<li>D\u00fcnnes Profil, platzsparend<\/li>\n\n\n\n<li>Optionaler integrierter Thermostat<\/li>\n\n\n\n<li>Modell f\u00fcr Seitenmontage auf Anfrage erh\u00e4ltlich<\/li>\n<\/ul>\n<\/div>\n\n\n\n<div class=\"wp-block-column is-layout-flow wp-block-column-is-layout-flow\" style=\"flex-basis:33.33%\"><\/div>\n<\/div>\n\n\n\n<h2 class=\"wp-block-heading\">Specification<\/h2>\n\n\n\n<figure class=\"wp-block-table has-small-font-size\"><table><tbody><tr><td>Betriebsspannung<\/td><td>120V or 230V<\/td><\/tr><tr><td>Durchschlagsfestigkeit<\/td><td>2000V\/min<\/td><\/tr><tr><td>Isolierung&nbsp;<\/td><td>&gt;50M<\/td><\/tr><tr><td>Betriebstemperatur<\/td><td>-60\u00b0C&nbsp;&#8212; 250 \u00b0C<\/td><\/tr><\/tbody><\/table><\/figure>\n\n\n\n<div class=\"wp-block-columns is-layout-flex wp-container-core-columns-layout-2 wp-block-columns-is-layout-flex\">\n<div class=\"wp-block-column is-layout-flow wp-block-column-is-layout-flow\">\n<figure class=\"wp-block-table has-small-font-size\"><table><tbody><tr><td>Betriebsspannung<\/td><td>120V or 230V<\/td><\/tr><tr><td>Durchschlagsfestigkeit<\/td><td>2000V\/min<\/td><\/tr><tr><td>Isolierung&nbsp;<\/td><td>&gt;50M<\/td><\/tr><tr><td>Betriebstemperatur<\/td><td>-60\u00b0C&nbsp;&#8212; 250 \u00b0C<\/td><\/tr><\/tbody><\/table><\/figure>\n\n\n\n<h2 class=\"wp-block-heading\">Typische Anwendungen<\/h2>\n\n\n\n<p>Bietet Frostschutz und Schutz vor Kondenswasserbildung in Geh\u00e4usen, in denen zus\u00e4tzliche W\u00e4rme ben\u00f6tigt wird:<\/p>\n\n\n\n<ul>\n<li>Stromkasten<\/li>\n\n\n\n<li>Schaltschrankheizung<\/li>\n\n\n\n<li>Geldautomat<\/li>\n\n\n\n<li>Schalttafel<\/li>\n\n\n\n<li>Anti-Flockungsbox<\/li>\n\n\n\n<li>Kontrollbox f\u00fcr Ampeln<\/li>\n\n\n\n<li>Leuchtkasten<\/li>\n\n\n\n<li>Verkaufsautomat<\/li>\n\n\n\n<li><a href=\"\/de\/motor-stillstandsheizung\">Motor-Stillstandsheizung<\/a><\/li>\n<\/ul>\n<\/div>\n\n\n\n<div class=\"wp-block-column is-vertically-aligned-bottom is-layout-flow wp-block-column-is-layout-flow\"><\/div>\n<\/div>\n\n\n\n<h2 class=\"wp-block-heading\">Berechnung der Antikondensationsleistung<\/h2>\n\n\n\n<p>Alle Schaltschr\u00e4nke geben \u00fcber die Oberfl\u00e4che eine gewisse W\u00e4rme an die Umgebung ab. Die erforderliche Antikondensationsleistung ist also proportional zur effektiven Oberfl\u00e4che des Geh\u00e4uses. Die blauen Linien in der Grafik repr\u00e4sentieren unterschiedliche Temperaturerh\u00f6hungen. Wenn Sie die effektive Oberfl\u00e4che kennen, k\u00f6nnen Sie die entsprechende Antikondensationsleistung finden, die f\u00fcr die Geh\u00e4useheizung erforderlich ist.<\/p>\n\n\n<div class=\"wp-block-image\">\n<figure class=\"aligncenter size-full\"><img loading=\"lazy\" decoding=\"async\" width=\"660\" height=\"267\" src=\"https:\/\/www.flexheaters.com\/de\/wp-content\/uploads\/sites\/2\/selectiondiagram.jpg\" alt=\"\" class=\"wp-image-14\"\/><\/figure><\/div>\n\n\n<p>Die folgende Tabelle zeigt die Berechnung der effektiven Oberfl\u00e4che f\u00fcr Schalttafeln \/ Schaltschr\u00e4nke, die an verschiedenen Stellen montiert sind.<\/p>\n\n\n<div class=\"wp-block-image\">\n<figure class=\"aligncenter size-full\"><img loading=\"lazy\" decoding=\"async\" width=\"650\" height=\"133\" src=\"https:\/\/www.flexheaters.com\/de\/wp-content\/uploads\/sites\/2\/surface-area.jpg\" alt=\"\" class=\"wp-image-11\"\/><\/figure><\/div>","protected":false},"excerpt":{"rendered":"<p>Anti-Kondensat Schaltschrankheizungen werden verwendet, um Kundengeh\u00e4use, Schalttafeln oder Schaltschr\u00e4nke vor Problemen zu sch\u00fctzen, die durch Temperaturschwankungen wie Kondensation verursacht werden. &#8230; <\/p>\n<p class=\"read-more-container\"><a title=\"Anti-Kondensat-Heizung\" class=\"read-more button\" href=\"https:\/\/www.flexheaters.com\/de\/anti-kondensat-heizung\/#more-213\" aria-label=\"Mehr Informationen \u00fcber Anti-Kondensat-Heizung\">Read more<\/a><\/p>\n","protected":false},"author":1,"featured_media":0,"parent":0,"menu_order":0,"comment_status":"closed","ping_status":"closed","template":"","meta":{"footnotes":""},"_links":{"self":[{"href":"https:\/\/www.flexheaters.com\/de\/wp-json\/wp\/v2\/pages\/213"}],"collection":[{"href":"https:\/\/www.flexheaters.com\/de\/wp-json\/wp\/v2\/pages"}],"about":[{"href":"https:\/\/www.flexheaters.com\/de\/wp-json\/wp\/v2\/types\/page"}],"author":[{"embeddable":true,"href":"https:\/\/www.flexheaters.com\/de\/wp-json\/wp\/v2\/users\/1"}],"replies":[{"embeddable":true,"href":"https:\/\/www.flexheaters.com\/de\/wp-json\/wp\/v2\/comments?post=213"}],"version-history":[{"count":1,"href":"https:\/\/www.flexheaters.com\/de\/wp-json\/wp\/v2\/pages\/213\/revisions"}],"predecessor-version":[{"id":300,"href":"https:\/\/www.flexheaters.com\/de\/wp-json\/wp\/v2\/pages\/213\/revisions\/300"}],"wp:attachment":[{"href":"https:\/\/www.flexheaters.com\/de\/wp-json\/wp\/v2\/media?parent=213"}],"curies":[{"name":"wp","href":"https:\/\/api.w.org\/{rel}","templated":true}]}}