{"id":232,"date":"2023-03-07T14:14:12","date_gmt":"2023-03-07T14:14:12","guid":{"rendered":"https:\/\/www.liudehua.de\/de\/?page_id=232"},"modified":"2023-03-07T16:04:18","modified_gmt":"2023-03-07T16:04:18","slug":"fassheizungen","status":"publish","type":"page","link":"https:\/\/www.flexheaters.com\/de\/fassheizungen\/","title":{"rendered":"Fassheizungen"},"content":{"rendered":"\n<div class=\"wp-block-columns is-layout-flex wp-container-core-columns-layout-1 wp-block-columns-is-layout-flex\">\n<div class=\"wp-block-column is-layout-flow wp-block-column-is-layout-flow\"><div class=\"wp-block-image\">\n<figure class=\"aligncenter size-full\"><img loading=\"lazy\" decoding=\"async\" width=\"380\" height=\"380\" src=\"https:\/\/www.flexheaters.com\/de\/wp-content\/uploads\/sites\/2\/drumheater-1.webp\" alt=\"\" class=\"wp-image-61\"\/><\/figure><\/div><\/div>\n\n\n\n<div class=\"wp-block-column is-layout-flow wp-block-column-is-layout-flow\">\n<figure class=\"wp-block-image size-full\"><img loading=\"lazy\" decoding=\"async\" width=\"339\" height=\"400\" src=\"https:\/\/www.flexheaters.com\/de\/wp-content\/uploads\/sites\/2\/drum-heater-temperature.png\" alt=\"\" class=\"wp-image-62\"\/><\/figure>\n<\/div>\n<\/div>\n\n\n\n<p>Fassheizungen sind gro\u00dfe\u00a0<a href=\"\/de\/silikon-heizelement\">Silikon-Heizungen<\/a>\u00a0in Standardgr\u00f6\u00dfe, die leicht um Fl\u00fcssigkeitsbeh\u00e4lter gewickelt und befestigt werden k\u00f6nnen. Sie bestehen aus glasfaserverst\u00e4rktem Silikonkautschuk, der mit einem Schaltkreis aus einer Nickellegierung laminiert ist. Diese Konstruktion sorgt f\u00fcr eine gleichm\u00e4\u00dfige W\u00e4rme\u00fcbertragung, die den Inhalt auf der gew\u00fcnschten Temperatur und Viskosit\u00e4t h\u00e4lt und das Anbrennen oder den Abbau empfindlicher Inhalte begrenzt.<\/p>\n\n\n\n<p>Fassheizungen sind robust, langlebig und chemikalienbest\u00e4ndig. Da nur wenige Materialien an seiner Konstruktion aus glasfaserverst\u00e4rktem Silikonkautschuk haften, ist er leicht zu reinigen. Wenn es nicht verwendet wird, l\u00e4sst es sich zur bequemen Aufbewahrung zusammenrollen.<\/p>\n\n\n\n<p>Optional eingebaute Thermostate sind \u00fcber den gesamten Bereich einstellbar und begrenzen die Temperatur des Fassheizers. Mehrere Faktoren beeinflussen die tats\u00e4chliche Temperatur des Trommelinhalts, einschlie\u00dflich Thermostateinstellung, Heizleistung, Art des Inhalts, Umgebungstemperatur. F\u00fcr Hochleistungsanwendungen k\u00f6nnen mehrere Heizelemente erforderlich sein. Die Abbildung rechts zeigt die Temperaturanstiegskurven eines 55-Gallonen-Fasses mit einem und zwei 1500-Watt-Fassheizern zum Vergleich.<\/p>\n\n\n\n<div class=\"wp-block-columns is-layout-flex wp-container-core-columns-layout-2 wp-block-columns-is-layout-flex\">\n<div class=\"wp-block-column is-layout-flow wp-block-column-is-layout-flow\">\n<h2 class=\"wp-block-heading\">Merkmale<\/h2>\n\n\n\n<ul>\n<li>Passend f\u00fcr vier Standardtrommelgr\u00f6\u00dfen: 5, 15, 30, 55 Gallonen<\/li>\n\n\n\n<li>115V oder 230V<\/li>\n\n\n\n<li>3-poliger Stecker oder Pigtail-Anschluss<\/li>\n\n\n\n<li>Intern geerdet<\/li>\n\n\n\n<li>Einstellbarer Thermostat oder\u00a0<a href=\"\/de\/temperaturregler\">digitaler Temperaturregler<\/a><\/li>\n\n\n\n<li>schnelle Montage durch Haken und Federn<\/li>\n\n\n\n<li>Best\u00e4ndigkeit gegen viele chemische Substanzen<\/li>\n<\/ul>\n<\/div>\n\n\n\n<div class=\"wp-block-column is-layout-flow wp-block-column-is-layout-flow\"><div class=\"wp-block-image\">\n<figure class=\"aligncenter size-full\"><img loading=\"lazy\" decoding=\"async\" width=\"120\" height=\"193\" src=\"https:\/\/www.flexheaters.com\/de\/wp-content\/uploads\/sites\/2\/drumheater.jpg\" alt=\"\" class=\"wp-image-60\"\/><\/figure><\/div><\/div>\n<\/div>\n\n\n\n<h2 class=\"wp-block-heading\">Standardmodelle<\/h2>\n\n\n\n<p>Fassheizungen sind sowohl f\u00fcr Metall- als auch f\u00fcr Kunststofff\u00e4sser erh\u00e4ltlich. Der Unterschied liegt in der Wattdichte. Fassheizer aus Metall k\u00f6nnen aufgrund ihrer h\u00f6heren Wattdichte, die Kunststofff\u00e4sser zum Schmelzen bringt, nicht f\u00fcr Nichtmetallf\u00e4sser verwendet werden. Bei Metallf\u00e4ssern kann jedoch als vor\u00fcbergehende L\u00f6sung ein Fassheizer aus Kunststoff verwendet werden.<\/p>\n\n\n\n<p>Die folgende Tabelle listet die von uns angebotenen Standardmodelle auf. Die meisten davon oder Halbfertigteile werden auf Lager sein. Die Lieferung kann also recht schnell erfolgen.<\/p>\n\n\n\n<figure class=\"wp-block-table has-small-font-size\"><table><tbody><tr><td><strong>&nbsp;Nr.<\/strong><\/td><td><strong>Fasstyp<\/strong><\/td><td><strong>Fasskapazit\u00e4t<\/strong><br><strong>(gal.\/in.)<\/strong><\/td><td><strong>Wattzahl<\/strong><\/td><td><strong>Spannung<\/strong><\/td><td><strong>Thermostat<\/strong><\/td><td><strong>L\u00e4nge Breite<\/strong><br><strong>(in.)<\/strong><\/td><\/tr><tr><td>1<\/td><td>Metall<\/td><td>55\/22.5<\/td><td>1500<\/td><td>115<\/td><td>0 &#8211; 150\u00b0C<\/td><td>64.50\/4<\/td><\/tr><tr><td>2<\/td><td>Metall<\/td><td>55\/22.5<\/td><td>1500<\/td><td>230<\/td><td>0 &#8211; 150\u00b0C<\/td><td>64.50\/4<\/td><\/tr><tr><td>3<\/td><td>Metall<\/td><td>55\/22.5<\/td><td>1000<\/td><td>115<\/td><td>0 &#8211; 150\u00b0C<\/td><td>64.50\/3<\/td><\/tr><tr><td>4<\/td><td>Metall<\/td><td>55\/22.5<\/td><td>1000<\/td><td>230<\/td><td>0 &#8211; 150\u00b0C<\/td><td>64.50\/3<\/td><\/tr><tr><td>5<\/td><td>Plastik<\/td><td>55\/22.5<\/td><td>500<\/td><td>115<\/td><td>0 &#8211; 150\u00b0C<\/td><td>64.50\/4<\/td><\/tr><tr><td>6<\/td><td>Plastik<\/td><td>55\/22.5<\/td><td>500<\/td><td>230<\/td><td>0 &#8211; 150\u00b0C<\/td><td>64.50\/4<\/td><\/tr><tr><td>7<\/td><td>Plastik<\/td><td>55\/22.5<\/td><td>300<\/td><td>115<\/td><td>0 &#8211; 150\u00b0C<\/td><td>64.50\/3<\/td><\/tr><tr><td>8<\/td><td>Plastik<\/td><td>55\/22.5<\/td><td>300<\/td><td>230<\/td><td>0 &#8211; 150\u00b0C<\/td><td>64.50\/3<\/td><\/tr><tr><td>9<\/td><td>Metall<\/td><td>200L<\/td><td>2000<\/td><td>230<\/td><td>30 &#8211; 150\u00b0C<\/td><td>1740\/250mm<\/td><\/tr><tr><td>10<\/td><td>Metall<\/td><td>200L<\/td><td>1000<\/td><td>230<\/td><td>30 &#8211; 150\u00b0C<\/td><td>1740\/125mm<\/td><\/tr><tr><td>11<\/td><td>Metall<\/td><td>20L<\/td><td>800<\/td><td>230<\/td><td>30 &#8211; 150\u00b0C<\/td><td>860\/200mm<\/td><\/tr><\/tbody><\/table><\/figure>\n\n\n\n<h2 class=\"wp-block-heading\">Anpassung<\/h2>\n\n\n\n<p>Wir k\u00f6nnen kundenspezifische Fassheizungen nach Kundenspezifikation produzieren, z. andere Breite\/L\u00e4nge, Montagearten, h\u00f6here Wattzahl, digitale Temperatureinstellung und -anzeige etc. Preis und Lieferzeit liegen auf dem gleichen Niveau wie bei den Standardmodellen. Die Produkte k\u00f6nnen das Kundenlogo f\u00fcr OEM-Kunden tragen.<\/p>\n\n\n<div class=\"wp-block-image\">\n<figure class=\"aligncenter size-full\"><img loading=\"lazy\" decoding=\"async\" width=\"500\" height=\"158\" src=\"https:\/\/www.flexheaters.com\/de\/wp-content\/uploads\/sites\/2\/custom-drum-heater.jpeg\" alt=\"\" class=\"wp-image-69\"\/><\/figure><\/div>\n\n\n<h2 class=\"wp-block-heading\">Anwendungen<\/h2>\n\n\n\n<p>Viskosit\u00e4tskontrolle, Frostschutz, Temperaturerhaltung und Aufschmelzen von Feststoffen f\u00fcr F\u00e4sser mit:<\/p>\n\n\n\n<ul>\n<li>Klebstoffe<\/li>\n\n\n\n<li>Asphalt<\/li>\n\n\n\n<li>Biokraftstoffe<\/li>\n\n\n\n<li>Kunststoffe<\/li>\n\n\n\n<li>Harze<\/li>\n\n\n\n<li>Farben und Lacke<\/li>\n\n\n\n<li>Wachse<\/li>\n\n\n\n<li>\u00d6le, Fette<\/li>\n\n\n\n<li>Melasse, Schokolade, Sirup<\/li>\n<\/ul>\n","protected":false},"excerpt":{"rendered":"<p>Fassheizungen sind gro\u00dfe\u00a0Silikon-Heizungen\u00a0in Standardgr\u00f6\u00dfe, die leicht um Fl\u00fcssigkeitsbeh\u00e4lter gewickelt und befestigt werden k\u00f6nnen. Sie bestehen aus glasfaserverst\u00e4rktem Silikonkautschuk, der mit &#8230; <\/p>\n<p class=\"read-more-container\"><a title=\"Fassheizungen\" class=\"read-more button\" href=\"https:\/\/www.flexheaters.com\/de\/fassheizungen\/#more-232\" aria-label=\"Mehr Informationen \u00fcber Fassheizungen\">Read more<\/a><\/p>\n","protected":false},"author":1,"featured_media":0,"parent":0,"menu_order":0,"comment_status":"closed","ping_status":"closed","template":"","meta":{"footnotes":""},"_links":{"self":[{"href":"https:\/\/www.flexheaters.com\/de\/wp-json\/wp\/v2\/pages\/232"}],"collection":[{"href":"https:\/\/www.flexheaters.com\/de\/wp-json\/wp\/v2\/pages"}],"about":[{"href":"https:\/\/www.flexheaters.com\/de\/wp-json\/wp\/v2\/types\/page"}],"author":[{"embeddable":true,"href":"https:\/\/www.flexheaters.com\/de\/wp-json\/wp\/v2\/users\/1"}],"replies":[{"embeddable":true,"href":"https:\/\/www.flexheaters.com\/de\/wp-json\/wp\/v2\/comments?post=232"}],"version-history":[{"count":0,"href":"https:\/\/www.flexheaters.com\/de\/wp-json\/wp\/v2\/pages\/232\/revisions"}],"wp:attachment":[{"href":"https:\/\/www.flexheaters.com\/de\/wp-json\/wp\/v2\/media?parent=232"}],"curies":[{"name":"wp","href":"https:\/\/api.w.org\/{rel}","templated":true}]}}