{"id":242,"date":"2023-03-07T14:32:19","date_gmt":"2023-03-07T14:32:19","guid":{"rendered":"https:\/\/www.liudehua.de\/de\/?page_id=242"},"modified":"2026-01-13T12:41:31","modified_gmt":"2026-01-13T12:41:31","slug":"temperaturregler","status":"publish","type":"page","link":"https:\/\/www.flexheaters.com\/de\/temperaturregler\/","title":{"rendered":"Temperaturregler"},"content":{"rendered":"\n<div class=\"wp-block-columns is-layout-flex wp-container-core-columns-layout-1 wp-block-columns-is-layout-flex\">\n<div class=\"wp-block-column is-layout-flow wp-block-column-is-layout-flow\" style=\"flex-basis:66.66%\">\n<p>Mit potenzieller Netzwerkf\u00e4higkeit k\u00f6nnen unsere Hochleistungs-Temperaturregler entweder eigenst\u00e4ndig oder in gro\u00dfen Heizsystemen verwendet werden, die aus mehreren Heizelementen bestehen. Die Hauptmerkmale sind:<\/p>\n\n\n\n<ul>\n<li>Modellbasierte Steuerung<\/li>\n\n\n\n<li>UL-zugelassen (Basismodell), Datei-Nr. E481220<\/li>\n\n\n\n<li>Nennspannung: 90 Vac &#8211; 230 Vac<\/li>\n\n\n\n<li>Nennstrom: \u2264 5 A (\u2264 25 A f\u00fcr Hochleistungsversion)<\/li>\n\n\n\n<li>Bereich der Temperaturregelung: 20-200 \u2103<\/li>\n\n\n\n<li>Einstellbare Toleranz der Temperaturregelung: 1-5\u2103&nbsp;<\/li>\n\n\n\n<li>Betriebstemperatur: 0-60\u2103<\/li>\n\n\n\n<li>Alarmeinstellung f\u00fcr niedrige Temperatur und \u00dcbertemperatur<\/li>\n\n\n\n<li>\u00dcberspannungs- und \u00dcberstromschutz<\/li>\n\n\n\n<li>Lichtbogenfreies Relais, lange Lebensdauer<\/li>\n\n\n\n<li>RGB-LED-Anzeige f\u00fcr den Betriebsstatus<\/li>\n\n\n\n<li>RGB-LED-Anzeige f\u00fcr Sollwert und Fehlercode (3-stellig)<\/li>\n\n\n\n<li>Geh\u00e4usematerial: PC (Metall f\u00fcr High-Power-Version)<\/li>\n\n\n\n<li>Ma\u00dfe: 89 x 59 x 29 mm (91 x 107 x 44 mm f\u00fcr Hochleistungsversion)<\/li>\n\n\n\n<li>Kundenspezifisches Design m\u00f6glich<\/li>\n<\/ul>\n<\/div>\n<\/div>\n\n\n\n<h2 class=\"wp-block-heading\">Schaltungstopologie<\/h2>\n\n\n\n<h2 class=\"wp-block-heading\">Modelle verf\u00fcgbar<\/h2>\n\n\n\n<div class=\"wp-block-columns is-layout-flex wp-container-core-columns-layout-2 wp-block-columns-is-layout-flex\">\n<div class=\"wp-block-column is-layout-flow wp-block-column-is-layout-flow\" style=\"flex-basis:66.66%\">\n<p>Mit gemeinsamer Schaltungstopologie sind die vielseitigen unsere Temperaturregler je nach Funktionserweiterung in verschiedenen Modellen erh\u00e4ltlich.<\/p>\n\n\n\n<p><strong>RS485-Temperaturregler<\/strong>&nbsp;kann zur Fern\u00fcberwachung und -steuerung mehrerer Heizelemente \u00fcber das ModBus-Netzwerk verwendet werden. Sie sind sehr begehrt f\u00fcr komplizierte Heizsysteme, die aus vielen Heizelementen bestehen und eine genaue Temperaturregelung und -\u00fcberwachung f\u00fcr alle Elemente ben\u00f6tigen. Typische Beispiele sind das Rohrsystem in der Halbleiterfabrik und das Energiebatteriesystem von Elektrofahrzeugen. Das Bedienpersonal kann die Solltemperatur jedes Reglers ferngesteuert von der Zentrale oder \u00fcber ein erg\u00e4nzendes Handger\u00e4t vor Ort einstellen.<\/p>\n<\/div>\n<\/div>\n\n\n\n<p><strong>Digitale Temperaturregler<\/strong>&nbsp;verf\u00fcgt \u00fcber eine 3-stellige Temperaturanzeige und kann als Allzweck-Temperaturregler f\u00fcr elektrische Heizger\u00e4te aller Art verwendet werden. Der Temperatursollwert kann \u00fcber einen abnehmbaren Knopf konfiguriert werden. Sie k\u00f6nnen die Auto-Key-\u00e4hnliche Schaltfl\u00e4che im ersten Bild dieser Seite sehen.<\/p>\n\n\n\n<p><strong>Hochleistungs-Temperaturregler<\/strong>&nbsp;kann eine Heizlast von bis zu 25 A (6 kW) bew\u00e4ltigen. Der Temperatur-Sollwert kann direkt durch Dr\u00fccken der beiden Pfeiltasten an der Vorderseite des Geh\u00e4uses eingestellt werden (siehe Bild rechts unten).<\/p>\n\n\n\n<h2 class=\"wp-block-heading\">Kundenspezifische Entwicklung<\/h2>\n\n\n\n<p>Mit der Fertigungskapazit\u00e4t im eigenen Haus sind die kundenspezifischen Designm\u00f6glichkeiten grenzenlos. Wir sind in der Lage, komplette Plug-and-Play-Heizungsbaugruppen einschlie\u00dflich digitaler Temperaturregelung und -anzeige zu liefern. Das Bild unten zeigt eine Entformungsheizung, die wir f\u00fcr einen Kunden in Europa f\u00fcr eine Eiscreme-Produktionslinie entwickelt haben.<\/p>\n","protected":false},"excerpt":{"rendered":"<p>Mit potenzieller Netzwerkf\u00e4higkeit k\u00f6nnen unsere Hochleistungs-Temperaturregler entweder eigenst\u00e4ndig oder in gro\u00dfen Heizsystemen verwendet werden, die aus mehreren Heizelementen bestehen. Die &#8230; <\/p>\n<p class=\"read-more-container\"><a title=\"Temperaturregler\" class=\"read-more button\" href=\"https:\/\/www.flexheaters.com\/de\/temperaturregler\/#more-242\" aria-label=\"Mehr Informationen \u00fcber Temperaturregler\">Read more<\/a><\/p>\n","protected":false},"author":1,"featured_media":0,"parent":0,"menu_order":0,"comment_status":"closed","ping_status":"closed","template":"","meta":{"footnotes":""},"_links":{"self":[{"href":"https:\/\/www.flexheaters.com\/de\/wp-json\/wp\/v2\/pages\/242"}],"collection":[{"href":"https:\/\/www.flexheaters.com\/de\/wp-json\/wp\/v2\/pages"}],"about":[{"href":"https:\/\/www.flexheaters.com\/de\/wp-json\/wp\/v2\/types\/page"}],"author":[{"embeddable":true,"href":"https:\/\/www.flexheaters.com\/de\/wp-json\/wp\/v2\/users\/1"}],"replies":[{"embeddable":true,"href":"https:\/\/www.flexheaters.com\/de\/wp-json\/wp\/v2\/comments?post=242"}],"version-history":[{"count":3,"href":"https:\/\/www.flexheaters.com\/de\/wp-json\/wp\/v2\/pages\/242\/revisions"}],"predecessor-version":[{"id":308,"href":"https:\/\/www.flexheaters.com\/de\/wp-json\/wp\/v2\/pages\/242\/revisions\/308"}],"wp:attachment":[{"href":"https:\/\/www.flexheaters.com\/de\/wp-json\/wp\/v2\/media?parent=242"}],"curies":[{"name":"wp","href":"https:\/\/api.w.org\/{rel}","templated":true}]}}