{"id":250,"date":"2023-03-07T14:45:17","date_gmt":"2023-03-07T14:45:17","guid":{"rendered":"https:\/\/www.liudehua.de\/de\/?page_id=250"},"modified":"2023-03-07T16:07:55","modified_gmt":"2023-03-07T16:07:55","slug":"film-pt100-pt1000","status":"publish","type":"page","link":"https:\/\/www.flexheaters.com\/de\/film-pt100-pt1000\/","title":{"rendered":"Film Pt100 \/ Pt1000"},"content":{"rendered":"<div class=\"wp-block-image\">\n<figure class=\"aligncenter size-full is-resized\"><img loading=\"lazy\" decoding=\"async\" src=\"https:\/\/www.flexheaters.com\/de\/wp-content\/uploads\/sites\/2\/Pt100-1.jpg\" alt=\"\" class=\"wp-image-17\" width=\"445\" height=\"332\"\/><\/figure><\/div>\n\n\n<p>Die RTD-Foliensonde (Pt100 oder Pt1000), die von der Herstellungstechnologie f\u00fcr<a href=\"\/de\/polyimid-heizfolie\/\"> Polyimid-Heizelemente<\/a> abgeleitet ist, bietet eine au\u00dfergew\u00f6hnliche Leistung zur Erfassung der Oberfl\u00e4chentemperatur. Sie k\u00f6nnen f\u00fcr alle Anwendungen eingesetzt werden, bei denen ein leichter, langlebiger, flexibler und robuster Miniatur-Temperatursensor erforderlich ist. Diese einzigartige 0,2 mm dicke (plus 0,9 mm der Chipdicke) RTD-Sonde in Form eines 5 mm x 15 mm gro\u00dfen Polyimid-Patches bietet Antworten im Millisekundenbereich und hohe dielektrische Festigkeiten in Kombination mit sehr geringer thermischer Masse und physikalischem Profil.<\/p>\n\n\n\n<p>Die Polyimid-Laminate st\u00fctzen den RTD\/Pt100-Chip und isolieren ihn elektrisch, au\u00dferdem bieten sie eine flache Oberfl\u00e4che zum Zementieren des D\u00fcnnfilm-RTD. Die verf\u00fcgbaren benutzerdefinierten Optionen sind:<\/p>\n\n\n\n<ul>\n<li>RTD-Typ: Pt100, Pt1000 oder irgendeine vereinbarte Art<\/li>\n\n\n\n<li>Anzahl der Leitungsdr\u00e4hte: 2, 3 or 4<\/li>\n\n\n\n<li>Die L\u00e4nge des Kabels<\/li>\n\n\n\n<li>Die Art der Anschlussleitungen<\/li>\n\n\n\n<li>Die Gr\u00f6\u00dfe der Polyimidfolie: 5 x 15 mm, 8 x 20 mm oder kundenspezifische Gr\u00f6\u00dfen<\/li>\n\n\n\n<li>Optional mit druckempfindlicher Kleber\u00fcckseite<\/li>\n<\/ul>\n\n\n\n<p>Der Betriebstemperaturbereich des Film-RTD \/ Pt100 betr\u00e4gt kontinuierlich -60 \u00b0C bis 200 \u00b0C. Die RTD-Sonde kann auch aus Silikonkautschuk hergestellt werden.<\/p>\n","protected":false},"excerpt":{"rendered":"<p>Die RTD-Foliensonde (Pt100 oder Pt1000), die von der Herstellungstechnologie f\u00fcr Polyimid-Heizelemente abgeleitet ist, bietet eine au\u00dfergew\u00f6hnliche Leistung zur Erfassung der &#8230; <\/p>\n<p class=\"read-more-container\"><a title=\"Film Pt100 \/ Pt1000\" class=\"read-more button\" href=\"https:\/\/www.flexheaters.com\/de\/film-pt100-pt1000\/#more-250\" aria-label=\"Mehr Informationen \u00fcber Film Pt100 \/ Pt1000\">Read more<\/a><\/p>\n","protected":false},"author":1,"featured_media":0,"parent":0,"menu_order":0,"comment_status":"closed","ping_status":"closed","template":"","meta":{"footnotes":""},"_links":{"self":[{"href":"https:\/\/www.flexheaters.com\/de\/wp-json\/wp\/v2\/pages\/250"}],"collection":[{"href":"https:\/\/www.flexheaters.com\/de\/wp-json\/wp\/v2\/pages"}],"about":[{"href":"https:\/\/www.flexheaters.com\/de\/wp-json\/wp\/v2\/types\/page"}],"author":[{"embeddable":true,"href":"https:\/\/www.flexheaters.com\/de\/wp-json\/wp\/v2\/users\/1"}],"replies":[{"embeddable":true,"href":"https:\/\/www.flexheaters.com\/de\/wp-json\/wp\/v2\/comments?post=250"}],"version-history":[{"count":0,"href":"https:\/\/www.flexheaters.com\/de\/wp-json\/wp\/v2\/pages\/250\/revisions"}],"wp:attachment":[{"href":"https:\/\/www.flexheaters.com\/de\/wp-json\/wp\/v2\/media?parent=250"}],"curies":[{"name":"wp","href":"https:\/\/api.w.org\/{rel}","templated":true}]}}